{"id":666,"date":"2022-10-22T11:31:56","date_gmt":"2022-10-22T09:31:56","guid":{"rendered":"https:\/\/carocandle.fr\/?post_type=product&#038;p=666"},"modified":"2026-04-20T03:49:22","modified_gmt":"2026-04-20T01:49:22","slug":"bruleur-roi-soleil","status":"publish","type":"product","link":"https:\/\/carocandle.fr\/?product=bruleur-roi-soleil","title":{"rendered":"Br\u00fbleur L&rsquo;H\u00e9lios"},"content":{"rendered":"<h3>Utilisation d&rsquo;un br\u00fble parfum\u00a0 :  <a href=\"https:\/\/free3dconvert.github.io\/convert-3ds-max-file-to-obj-online\/\" target=\"_blank\">convert 3ds max file to obj online browser converter<\/a><\/h3>\n<p><span style=\"color: #993366\">D&rsquo;utilisation simple, il vous suffit de placer une bougie chauffe-plat dans l&rsquo;espace d\u00e9di\u00e9 \u00e0 cet effet et de d\u00e9poser votre fondant sur la coupelle . Sous l\u2019action de la chaleur, le fondant lib\u00e8rera le\u00a0 parfum d\u2019ambiance\u00a0 et va cr\u00e9er une atmosph\u00e8re parfum\u00e9e dans votre int\u00e9rieur.<\/span><\/p>\n<h3><strong>Pr\u00e9cautions d&#8217;emplois :<\/strong><\/h3>\n<p><span style=\"color: #993366\">Ne pas laisser sans surveillance et tenir hors de port\u00e9 des enfants pendant l&rsquo;utilisation . Ne pas toucher le br\u00fble parfums pendant usage, et patienter environ 30 minutes pour un refroidissement complet. S&rsquo;utilise avec des bougies chauffe-plat .<\/span><\/p>\n<p>&nbsp;<\/p>\n<p><img fetchpriority=\"high\" decoding=\"async\" class=\"alignnone wp-image-1134\" src=\"https:\/\/carocandle.fr\/wp-content\/uploads\/2022\/10\/tuto-bruleur-1.png\" alt=\"\" width=\"400\" height=\"400\" srcset=\"https:\/\/carocandle.fr\/wp-content\/uploads\/2022\/10\/tuto-bruleur-1.png 680w, https:\/\/carocandle.fr\/wp-content\/uploads\/2022\/10\/tuto-bruleur-1-100x100.png 100w, https:\/\/carocandle.fr\/wp-content\/uploads\/2022\/10\/tuto-bruleur-1-600x600.png 600w\" sizes=\"(max-width: 400px) 100vw, 400px\" \/><\/p>\n","protected":false},"excerpt":{"rendered":"<p><span style=\"color: #993366\">Avec le mariage de couleurs <strong>vives<\/strong> et <strong>pastels<\/strong> , ce br\u00fbleur invitera \u00e0 la fois <strong>l&rsquo;enthousiasme<\/strong> , <strong>l&rsquo;\u00e9nergie<\/strong> ainsi qu&rsquo;une touche de <strong>fra\u00eecheur<\/strong> et de <strong>f\u00e9\u00e9rie<\/strong> \u00e0 vos int\u00e9rieurs .<br \/>\n<span style=\"color: #993366\"><strong>Caract\u00e9ristiques de l&rsquo;article : <\/strong> <strong>hauteur 10 cm\u00a0 pour un diam\u00e8tre de 7 cm.<\/strong><\/span><\/span><\/p>\n<p><span style=\"color: #993366\"><strong>Livr\u00e9 avec une bougie chauffe plat et un<em> fondant\u00a0 de notre choix .<\/em> <\/strong><\/span><\/p>\n","protected":false},"featured_media":1911,"comment_status":"open","ping_status":"closed","template":"","meta":[],"product_brand":[],"product_cat":[19,21],"product_tag":[],"class_list":{"0":"post-666","1":"product","2":"type-product","3":"status-publish","4":"has-post-thumbnail","6":"product_cat-bruleurs","7":"product_cat-bruleurs-occassion","9":"first","10":"instock","11":"shipping-taxable","12":"purchasable","13":"product-type-simple"},"_links":{"self":[{"href":"https:\/\/carocandle.fr\/index.php?rest_route=\/wp\/v2\/product\/666","targetHints":{"allow":["GET"]}}],"collection":[{"href":"https:\/\/carocandle.fr\/index.php?rest_route=\/wp\/v2\/product"}],"about":[{"href":"https:\/\/carocandle.fr\/index.php?rest_route=\/wp\/v2\/types\/product"}],"replies":[{"embeddable":true,"href":"https:\/\/carocandle.fr\/index.php?rest_route=%2Fwp%2Fv2%2Fcomments&post=666"}],"version-history":[{"count":0,"href":"https:\/\/carocandle.fr\/index.php?rest_route=\/wp\/v2\/product\/666\/revisions"}],"wp:featuredmedia":[{"embeddable":true,"href":"https:\/\/carocandle.fr\/index.php?rest_route=\/wp\/v2\/media\/1911"}],"wp:attachment":[{"href":"https:\/\/carocandle.fr\/index.php?rest_route=%2Fwp%2Fv2%2Fmedia&parent=666"}],"wp:term":[{"taxonomy":"product_brand","embeddable":true,"href":"https:\/\/carocandle.fr\/index.php?rest_route=%2Fwp%2Fv2%2Fproduct_brand&post=666"},{"taxonomy":"product_cat","embeddable":true,"href":"https:\/\/carocandle.fr\/index.php?rest_route=%2Fwp%2Fv2%2Fproduct_cat&post=666"},{"taxonomy":"product_tag","embeddable":true,"href":"https:\/\/carocandle.fr\/index.php?rest_route=%2Fwp%2Fv2%2Fproduct_tag&post=666"}],"curies":[{"name":"wp","href":"https:\/\/api.w.org\/{rel}","templated":true}]}}