{"id":357,"date":"2022-10-18T17:12:07","date_gmt":"2022-10-18T15:12:07","guid":{"rendered":"https:\/\/carocandle.fr\/?post_type=product&#038;p=357"},"modified":"2026-01-25T16:09:07","modified_gmt":"2026-01-25T15:09:07","slug":"citrouille","status":"publish","type":"product","link":"https:\/\/carocandle.fr\/?product=citrouille","title":{"rendered":"Citrouille"},"content":{"rendered":"<p>Allumez votre br\u00fbleur et laissez fondre votre fondant et laissez vous s\u00e9duire par son odeur. Votre int\u00e9rieur sentira le fragrance que vous aurez choisi.<\/p>\n<p>Fabriqu\u00e9 de fa\u00e7on\u00a0<strong><span style=\"color: #f69ae0;\">artisanale<\/span>.<\/strong><\/p>\n<p>La couleur du fondant peut varier.<\/p>\n<p><span style=\"color: #f69ae0;\"><strong>\u00c0 consommer sans mod\u00e9ration !<\/strong><\/span><\/p>\n<p><a title=\"guide utilisation fondants parfum\u00e9s\" href=\"https:\/\/carocandle.fr\/?page_id=1471\" target=\"_blank\" rel=\"noopener noreferrer\">guide d\u2019utilisation des fondants parfum\u00e9s<\/a><\/p>\n<hr \/>\n<p><span style=\"color: #ff0000;\"><strong><u>Pr\u00e9cautions :<\/u><\/strong><\/span><\/p>\n<ul>\n<li><span style=\"color: #ff0000;\">Produit non alimentaire\/ Ne pas avaler.<\/span><\/li>\n<li><span style=\"color: #ff0000;\">Tenir hors de port\u00e9e des enfants et animaux<\/span><\/li>\n<li><span style=\"color: #ff0000;\">Ne pas laisser sans surveillance<\/span><\/li>\n<li><span style=\"color: #ff0000;\">Ne pas laisser \u00e0 proximit\u00e9 d\u2019objets ou substances inflammables (rideau, gaz\u2026)<\/span><\/li>\n<li><span style=\"color: #ff0000;\">Placer \u00e0 l\u2019abri des courants d\u2019air<\/span><\/li>\n<\/ul>\n","protected":false},"excerpt":{"rendered":"<p style=\"text-align: left;\"><span style=\"color: #993366;\">Joli Fondant en forme de <em><strong>citrouille<\/strong><\/em> pour un poids de 24 grammes<\/span><\/p>\n<p><span style=\"color: #993366;\">Laissez fondre la cire <strong>environ 2h<\/strong> pour que l&rsquo;odeur se r\u00e9pande dans toute la pi\u00e8ce . A <em><strong>utiliser 3 \u00e0 5 fois<\/strong><\/em> selon le parfum choisi .<\/span><\/p>\n<p><span style=\"color: #993366;\"><em><strong>Le fondant est r\u00e9alis\u00e9 \u00e0 base de cire de soja .<\/strong><\/em><\/span><\/p>\n<p><span style=\"color: #993366;\"><em><strong>Les colorants sont des micas naturels .<\/strong><\/em><\/span><\/p>\n<p><span style=\"color: #993366;\"><em><strong>Des paillettes peuvent \u00eatre ajout\u00e9es .<\/strong><\/em><\/span><\/p>\n","protected":false},"featured_media":2056,"comment_status":"open","ping_status":"closed","template":"","meta":[],"product_brand":[],"product_cat":[22,24],"product_tag":[],"class_list":{"0":"post-357","1":"product","2":"type-product","3":"status-publish","4":"has-post-thumbnail","6":"product_cat-fondants","7":"product_cat-fondants-standard","9":"first","10":"instock","11":"shipping-taxable","12":"purchasable","13":"product-type-variable"},"_links":{"self":[{"href":"https:\/\/carocandle.fr\/index.php?rest_route=\/wp\/v2\/product\/357","targetHints":{"allow":["GET"]}}],"collection":[{"href":"https:\/\/carocandle.fr\/index.php?rest_route=\/wp\/v2\/product"}],"about":[{"href":"https:\/\/carocandle.fr\/index.php?rest_route=\/wp\/v2\/types\/product"}],"replies":[{"embeddable":true,"href":"https:\/\/carocandle.fr\/index.php?rest_route=%2Fwp%2Fv2%2Fcomments&post=357"}],"version-history":[{"count":0,"href":"https:\/\/carocandle.fr\/index.php?rest_route=\/wp\/v2\/product\/357\/revisions"}],"wp:featuredmedia":[{"embeddable":true,"href":"https:\/\/carocandle.fr\/index.php?rest_route=\/wp\/v2\/media\/2056"}],"wp:attachment":[{"href":"https:\/\/carocandle.fr\/index.php?rest_route=%2Fwp%2Fv2%2Fmedia&parent=357"}],"wp:term":[{"taxonomy":"product_brand","embeddable":true,"href":"https:\/\/carocandle.fr\/index.php?rest_route=%2Fwp%2Fv2%2Fproduct_brand&post=357"},{"taxonomy":"product_cat","embeddable":true,"href":"https:\/\/carocandle.fr\/index.php?rest_route=%2Fwp%2Fv2%2Fproduct_cat&post=357"},{"taxonomy":"product_tag","embeddable":true,"href":"https:\/\/carocandle.fr\/index.php?rest_route=%2Fwp%2Fv2%2Fproduct_tag&post=357"}],"curies":[{"name":"wp","href":"https:\/\/api.w.org\/{rel}","templated":true}]}}