{"id":2173,"date":"2026-01-26T17:40:07","date_gmt":"2026-01-26T16:40:07","guid":{"rendered":"https:\/\/carocandle.fr\/?post_type=product&#038;p=2173"},"modified":"2026-01-26T17:40:08","modified_gmt":"2026-01-26T16:40:08","slug":"reve-de-mangue","status":"publish","type":"product","link":"https:\/\/carocandle.fr\/?product=reve-de-mangue","title":{"rendered":"R\u00eave de Mangue"},"content":{"rendered":"<h2><b>COMBIEN DE TEMPS UNE BOUGIE DOIT-ELLE RESTER ALLUM\u00c9E ?<\/b><\/h2>\n<p><span style=\"color: #993366;\">Dans l\u2019id\u00e9al, une bougie doit rester allum\u00e9e entre\u00a0<strong>2 h 30<\/strong>\u00a0et\u00a0<strong>3 h<\/strong>, mais\u00a0<strong>jamais plus de 4 h<\/strong>. D\u2019une fa\u00e7on g\u00e9n\u00e9rale, cette derni\u00e8re doit br\u00fbler suffisamment afin que la totalit\u00e9 de sa surface soit rendue liquide.<\/span><\/p>\n<p><span style=\"color: #993366;\">Il faut \u00e9galement v\u00e9rifier que la bougie br\u00fble de fa\u00e7on homog\u00e8ne. Pour cela:<\/span><\/p>\n<h2>\u00a0 \u00a0 \u00a0 \u00a0 \u00a0 \u00a0 \u00a0 \u00a0 \u00a0 \u00a0 \u00a0 \u00a0 \u00a0 \u00a0 \u00a0 \u00a0<span style=\"color: #ff0000;\"><em><strong>pensez toujours \u00e0 poser votre bougie sur une surface plate , \u00e0 l\u2019abri des courants d\u2019air<\/strong><\/em>.<\/span><\/h2>\n<p>&nbsp;<\/p>\n<h2><b>QUELLES SONT LES PR\u00c9CAUTIONS \u00c0 PRENDRE LORS DE L\u2019UTILISATION DE BOUGIES ?<\/b><\/h2>\n<p>&nbsp;<\/p>\n<ul>\n<li><span style=\"color: #993366;\">Pour que la bougie ne d\u00e9gage pas de fum\u00e9e noire, il faut \u00e0 tout prix \u00e9viter de la placer dans un courant d\u2019air.<\/span><\/li>\n<li><span style=\"color: #993366;\">En ce qui concerne la m\u00e8che de la bougie, v\u00e9rifiez avant chaque utilisation qu\u2019elle ne soit pas trop longue. Id\u00e9alement, elle doit mesurer environ 0,5 cm. Autrement, n\u2019h\u00e9sitez pas \u00e0 la couper.<\/span><\/li>\n<\/ul>\n<p><span style=\"color: #993366;\">Enfin, prenez toujours garde \u00e0 ce que les bougies allum\u00e9es soient toujours hors de port\u00e9e de vos enfants et de vos animaux. Ne les laissez jamais se consumer sans surveillance, et \u00e9teignez l\u00e8s toujours avant de quitter la pi\u00e8ce.<\/span><\/p>\n<p>&nbsp;<\/p>\n<h2><b>LES ASTUCES POUR PROLONGER LA DUR\u00c9E DE VIE DE VOS BOUGIES<\/b><\/h2>\n<p><span style=\"color: #993366;\">Afin de pr\u00e9server la dur\u00e9e de vie de votre bougie, il est important d\u2019en prendre soin. Il existe quelques gestes simples \u00e0 faire au quotidien afin de profiter plus longtemps de ses d\u00e9licieuses fragrances qu\u2019elle d\u00e9gage.<\/span><\/p>\n<ul>\n<li><span style=\"color: #993366;\">Si la m\u00e8che de votre bougie s\u2019incline vers le bain de cire, attendez que votre bougie soit totalement refroidie et recentrez la m\u00e8che \u00e0 l\u2019aide d\u2019une pince.<\/span><\/li>\n<\/ul>\n<p><span style=\"color: #993366;\">Enfin, afin de pr\u00e9server toute la douceur de ses fragrances, il est conseill\u00e9 de prot\u00e9ger votre bougie de la poussi\u00e8re en la pla\u00e7ant sous une cloche en verre.<\/span><\/p>\n<p><span style=\"color: #993366;\">En appliquant ces quelques astuces, vous \u00eates certain de profiter au mieux de votre bougie parfum\u00e9e.<\/span><\/p>\n<p>&nbsp;<\/p>\n<h2>COMPRENDRE LES PICTOGRAMMES INDIQU\u00c9S SUR VOTRE BOUGIE :<\/h2>\n<ul>\n<li style=\"text-align: left;\"><span style=\"color: #993366;\">Signal d\u2019avertissement g\u00e9n\u00e9ral<\/span><\/li>\n<li style=\"text-align: left;\"><span style=\"color: #993366;\">Couper la m\u00e8che \u00e0 1cm environ avant d&rsquo;allumer la bougie.<\/span><\/li>\n<li style=\"text-align: left;\"><span style=\"color: #993366;\">Ne jamais laisser br\u00fbler une bougie sans surveillance.<\/span><\/li>\n<li style=\"text-align: left;\"><span style=\"color: #993366;\">Faire br\u00fbler la bougie hors de port\u00e9e des enfants et des animaux domestiques.<\/span><\/li>\n<li style=\"text-align: left;\"><span style=\"color: #993366;\">Toujours laisser au moins 1 m\u00e8tre entre les bougies qui br\u00fblent.<\/span><\/li>\n<li style=\"text-align: left;\"><span style=\"color: #993366;\">Ne pas faire br\u00fbler de bougies sur ou \u00e0 proximit\u00e9 d&rsquo;un objet susceptible de prendre feu.<\/span><\/li>\n<li style=\"text-align: left;\"><span style=\"color: #993366;\">Ventiler la pi\u00e8ce apr\u00e8s utilisation.<\/span><\/li>\n<li style=\"text-align: left;\"><span style=\"color: #993366;\">Eviter d&rsquo;inhaler directement la fum\u00e9e.<\/span><\/li>\n<\/ul>\n<h3 style=\"text-align: center;\"><span style=\"color: #800080;\"><em><strong>Alors, pour laquelle allez-vous fondre ????<\/strong><\/em><\/span><\/h3>\n","protected":false},"excerpt":{"rendered":"<p><span style=\"color: #993366;\"><strong>R\u00eave de Mangue<\/strong> enveloppe votre int\u00e9rieur d\u2019un parfum doux et fruit\u00e9, pour une ambiance exotique, gourmande et apaisante ,d&rsquo;une capacit\u00e9 de<strong> 275<\/strong>\u00a0<strong>grammes<\/strong>\u00a0de cire de soja .<\/span><\/p>\n<p><span style=\"color: #993366;\"><strong>Caract\u00e9ristiques\u00a0 :<\/strong><\/span><\/p>\n<ul>\n<li><span style=\"color: #993366;\"><strong><em>Dur\u00e9e de combustion<\/em> :\u00a0 environ 50 heures .<\/strong><\/span><\/li>\n<\/ul>\n<p><span style=\"color: #f00764;\"><em><strong>S&rsquo;agissant de mod\u00e8les uniques et fait main, le visuel est non contractuel, les couleurs et le rendu peuvent l\u00e9g\u00e8rement varier d&rsquo;une bougie \u00e0 une autre.<\/strong><\/em><\/span><\/p>\n","protected":false},"featured_media":2157,"comment_status":"open","ping_status":"closed","template":"","meta":[],"product_brand":[],"product_cat":[16,30],"product_tag":[],"class_list":{"0":"post-2173","1":"product","2":"type-product","3":"status-publish","4":"has-post-thumbnail","6":"product_cat-bougies","7":"product_cat-edition-limitee","9":"first","10":"instock","11":"shipping-taxable","12":"purchasable","13":"product-type-simple"},"_links":{"self":[{"href":"https:\/\/carocandle.fr\/index.php?rest_route=\/wp\/v2\/product\/2173","targetHints":{"allow":["GET"]}}],"collection":[{"href":"https:\/\/carocandle.fr\/index.php?rest_route=\/wp\/v2\/product"}],"about":[{"href":"https:\/\/carocandle.fr\/index.php?rest_route=\/wp\/v2\/types\/product"}],"replies":[{"embeddable":true,"href":"https:\/\/carocandle.fr\/index.php?rest_route=%2Fwp%2Fv2%2Fcomments&post=2173"}],"version-history":[{"count":0,"href":"https:\/\/carocandle.fr\/index.php?rest_route=\/wp\/v2\/product\/2173\/revisions"}],"wp:featuredmedia":[{"embeddable":true,"href":"https:\/\/carocandle.fr\/index.php?rest_route=\/wp\/v2\/media\/2157"}],"wp:attachment":[{"href":"https:\/\/carocandle.fr\/index.php?rest_route=%2Fwp%2Fv2%2Fmedia&parent=2173"}],"wp:term":[{"taxonomy":"product_brand","embeddable":true,"href":"https:\/\/carocandle.fr\/index.php?rest_route=%2Fwp%2Fv2%2Fproduct_brand&post=2173"},{"taxonomy":"product_cat","embeddable":true,"href":"https:\/\/carocandle.fr\/index.php?rest_route=%2Fwp%2Fv2%2Fproduct_cat&post=2173"},{"taxonomy":"product_tag","embeddable":true,"href":"https:\/\/carocandle.fr\/index.php?rest_route=%2Fwp%2Fv2%2Fproduct_tag&post=2173"}],"curies":[{"name":"wp","href":"https:\/\/api.w.org\/{rel}","templated":true}]}}