{"id":1810,"date":"2023-05-18T18:55:53","date_gmt":"2023-05-18T16:55:53","guid":{"rendered":"https:\/\/carocandle.fr\/?post_type=product&#038;p=1810"},"modified":"2026-01-26T17:43:43","modified_gmt":"2026-01-26T16:43:43","slug":"lensorcelant","status":"publish","type":"product","link":"https:\/\/carocandle.fr\/?product=lensorcelant","title":{"rendered":"Suspension parfum\u00e9e"},"content":{"rendered":"<ul class=\"_1V4Ij\" data-hook=\"collapse-info-section\">\n<li class=\"_2knBS\" data-hook=\"collapse-info-item\">\n<h2 class=\"Text3027143737__root Text3027143737---typography-11-runningText Text3027143737---priority-7-primary s8gg2 _2UIKs InfoSectionTitle3095652555__root\" aria-hidden=\"false\" data-hook=\"info-section-title\"><span style=\"color: #ff0000;\">Comment bien utiliser les suspensions ?<\/span><\/h2>\n<\/li>\n<\/ul>\n<ul>\n<li><span style=\"color: #993366;\">Les suspensions se placent dans des petites pi\u00e8ces telles que les toilettes, salle de bain mais aussi les penderies.<\/span><\/li>\n<li><span style=\"color: #993366;\">Ne pas utiliser dans les voitures<\/span><\/li>\n<li><span style=\"color: #993366;\">Elles vont diffuser une douce odeur, les suspensions sont \u00e9ph\u00e9m\u00e8res et dure environ 2\/3 mois. Lorsque l\u2019odeur diminue, vous la coupez et vous pouvez la faire br\u00fbler dans un br\u00fble-parfum.<\/span><\/li>\n<\/ul>\n<p><em><strong><span style=\"color: #993366;\">Dur\u00e9e de vie :<\/span><\/strong><\/em><\/p>\n<p><span style=\"color: #993366;\">&#8211; +\/- 3 mois dans un espace ouvert<\/span><\/p>\n<p><span style=\"color: #993366;\">&#8211; +\/- 6 mois dans un espace ferm\u00e9 type placard avec portes<\/span><\/p>\n<p><em><strong><span style=\"color: #993366;\">Composition :<\/span><\/strong><\/em><\/p>\n<p><span style=\"color: #993366;\">&#8211; Cire de soja\u00a0<\/span><\/p>\n<p><span style=\"color: #993366;\">&#8211; Parfum de Grasse garanti sans CMR, Phtalates et mati\u00e8res animales<\/span><\/p>\n<p>&nbsp;<\/p>\n<p>&nbsp;<\/p>\n<p><span style=\"color: #993366;\">Chaque suspension est unique et r\u00e9alis\u00e9e \u00e0 la main par mes soins, les d\u00e9corations sont r\u00e9alis\u00e9 en cire de soja .\u00a0<\/span><\/p>\n","protected":false},"excerpt":{"rendered":"<p><span style=\"color: #993366;\">V\u00e9ritable invitation au voyage des sens,<em><strong> cette suspension <\/strong><\/em>parfum\u00e9e enveloppe vos espaces d\u2019une senteur tendre et r\u00e9confortante pour transformer chacune de vos pi\u00e8ces en un cocon de bien-\u00eatre.<\/span><\/p>\n<p><span style=\"color: #993366;\">Suspension parfum\u00e9e d\u00e9corative moul\u00e9e \u00e0 la main , compos\u00e9 de 90% de cire de soja et 10% de fragrance fabriqu\u00e9e en France \u00e0 Grasse .<\/span><\/p>\n<p><span style=\"color: #993366;\">Cire biod\u00e9gradable et v\u00e9gan.<\/span><\/p>\n<p><span style=\"color: #993366;\">Les parfums sont sans CMR et sans PHTALATE.<\/span><\/p>\n<p><span style=\"color: #f00764;\"><em><strong>S&rsquo;agissant de mod\u00e8les uniques et fait main .<\/strong><\/em><\/span><\/p>\n","protected":false},"featured_media":2045,"comment_status":"open","ping_status":"closed","template":"","meta":[],"product_brand":[],"product_cat":[32],"product_tag":[],"class_list":{"0":"post-1810","1":"product","2":"type-product","3":"status-publish","4":"has-post-thumbnail","6":"product_cat-suspensions","8":"first","9":"instock","10":"shipping-taxable","11":"purchasable","12":"product-type-variable"},"_links":{"self":[{"href":"https:\/\/carocandle.fr\/index.php?rest_route=\/wp\/v2\/product\/1810","targetHints":{"allow":["GET"]}}],"collection":[{"href":"https:\/\/carocandle.fr\/index.php?rest_route=\/wp\/v2\/product"}],"about":[{"href":"https:\/\/carocandle.fr\/index.php?rest_route=\/wp\/v2\/types\/product"}],"replies":[{"embeddable":true,"href":"https:\/\/carocandle.fr\/index.php?rest_route=%2Fwp%2Fv2%2Fcomments&post=1810"}],"version-history":[{"count":0,"href":"https:\/\/carocandle.fr\/index.php?rest_route=\/wp\/v2\/product\/1810\/revisions"}],"wp:featuredmedia":[{"embeddable":true,"href":"https:\/\/carocandle.fr\/index.php?rest_route=\/wp\/v2\/media\/2045"}],"wp:attachment":[{"href":"https:\/\/carocandle.fr\/index.php?rest_route=%2Fwp%2Fv2%2Fmedia&parent=1810"}],"wp:term":[{"taxonomy":"product_brand","embeddable":true,"href":"https:\/\/carocandle.fr\/index.php?rest_route=%2Fwp%2Fv2%2Fproduct_brand&post=1810"},{"taxonomy":"product_cat","embeddable":true,"href":"https:\/\/carocandle.fr\/index.php?rest_route=%2Fwp%2Fv2%2Fproduct_cat&post=1810"},{"taxonomy":"product_tag","embeddable":true,"href":"https:\/\/carocandle.fr\/index.php?rest_route=%2Fwp%2Fv2%2Fproduct_tag&post=1810"}],"curies":[{"name":"wp","href":"https:\/\/api.w.org\/{rel}","templated":true}]}}