{"id":1737,"date":"2023-04-30T18:43:52","date_gmt":"2023-04-30T16:43:52","guid":{"rendered":"https:\/\/carocandle.fr\/?post_type=product&#038;p=1737"},"modified":"2026-01-15T17:12:11","modified_gmt":"2026-01-15T16:12:11","slug":"la-defense","status":"publish","type":"product","link":"https:\/\/carocandle.fr\/?product=la-defense","title":{"rendered":"Br\u00fbleur Le Totem"},"content":{"rendered":"<h3>Utilisation d&rsquo;un br\u00fble parfum\u00a0 :<\/h3>\n<p><span style=\"color: #993366;\">D&rsquo;utilisation simple, il vous suffit de placer une bougie chauffe-plat dans l&rsquo;espace d\u00e9di\u00e9 \u00e0 cet effet et de d\u00e9poser votre fondant sur la coupelle . Sous l\u2019action de la chaleur, le fondant lib\u00e8rera le\u00a0 parfum d\u2019ambiance\u00a0 et va cr\u00e9er une atmosph\u00e8re parfum\u00e9e dans votre int\u00e9rieur.<\/span><\/p>\n<h3><strong>Pr\u00e9cautions d&#8217;emplois :<\/strong><\/h3>\n<p><span style=\"color: #993366;\">Ne pas laisser sans surveillance et tenir hors de port\u00e9 des enfants pendant l&rsquo;utilisation . Ne pas toucher le br\u00fble parfums pendant usage, et patienter environ 30 minutes pour un refroidissement complet. S&rsquo;utilise avec des bougies chauffe-plat .<\/span><\/p>\n<p>&nbsp;<\/p>\n<p><img fetchpriority=\"high\" decoding=\"async\" class=\"alignnone wp-image-1134\" src=\"https:\/\/carocandle.fr\/wp-content\/uploads\/2022\/10\/tuto-bruleur-1.png\" alt=\"\" width=\"400\" height=\"400\" srcset=\"https:\/\/carocandle.fr\/wp-content\/uploads\/2022\/10\/tuto-bruleur-1.png 680w, https:\/\/carocandle.fr\/wp-content\/uploads\/2022\/10\/tuto-bruleur-1-100x100.png 100w, https:\/\/carocandle.fr\/wp-content\/uploads\/2022\/10\/tuto-bruleur-1-600x600.png 600w\" sizes=\"(max-width: 400px) 100vw, 400px\" \/><\/p>\n","protected":false},"excerpt":{"rendered":"<p>&nbsp;<\/p>\n<p><span style=\"color: #993366;\">Pour vous ou pour offrir , n&rsquo;h\u00e9sitez plus , il n &lsquo;attend que vous !!<br \/>\n<span style=\"color: #993366;\"><strong>Caract\u00e9ristiques de l&rsquo;article : <\/strong> <strong>hauteur 14,5 cm\u00a0 \u00a0pour un diam\u00e8tre de 7\u00a0 cm.<\/strong><\/span><\/span><\/p>\n<p><span style=\"color: #993366;\"><strong>Livr\u00e9 avec une bougie chauffe plat et un<em> fondant\u00a0 de notre choix .<\/em> <\/strong><\/span><\/p>\n","protected":false},"featured_media":1917,"comment_status":"open","ping_status":"closed","template":"","meta":[],"product_brand":[],"product_cat":[19,21],"product_tag":[],"class_list":{"0":"post-1737","1":"product","2":"type-product","3":"status-publish","4":"has-post-thumbnail","6":"product_cat-bruleurs","7":"product_cat-bruleurs-occassion","9":"first","10":"instock","11":"shipping-taxable","12":"purchasable","13":"product-type-simple"},"_links":{"self":[{"href":"https:\/\/carocandle.fr\/index.php?rest_route=\/wp\/v2\/product\/1737","targetHints":{"allow":["GET"]}}],"collection":[{"href":"https:\/\/carocandle.fr\/index.php?rest_route=\/wp\/v2\/product"}],"about":[{"href":"https:\/\/carocandle.fr\/index.php?rest_route=\/wp\/v2\/types\/product"}],"replies":[{"embeddable":true,"href":"https:\/\/carocandle.fr\/index.php?rest_route=%2Fwp%2Fv2%2Fcomments&post=1737"}],"version-history":[{"count":0,"href":"https:\/\/carocandle.fr\/index.php?rest_route=\/wp\/v2\/product\/1737\/revisions"}],"wp:featuredmedia":[{"embeddable":true,"href":"https:\/\/carocandle.fr\/index.php?rest_route=\/wp\/v2\/media\/1917"}],"wp:attachment":[{"href":"https:\/\/carocandle.fr\/index.php?rest_route=%2Fwp%2Fv2%2Fmedia&parent=1737"}],"wp:term":[{"taxonomy":"product_brand","embeddable":true,"href":"https:\/\/carocandle.fr\/index.php?rest_route=%2Fwp%2Fv2%2Fproduct_brand&post=1737"},{"taxonomy":"product_cat","embeddable":true,"href":"https:\/\/carocandle.fr\/index.php?rest_route=%2Fwp%2Fv2%2Fproduct_cat&post=1737"},{"taxonomy":"product_tag","embeddable":true,"href":"https:\/\/carocandle.fr\/index.php?rest_route=%2Fwp%2Fv2%2Fproduct_tag&post=1737"}],"curies":[{"name":"wp","href":"https:\/\/api.w.org\/{rel}","templated":true}]}}