{"id":95,"date":"2022-10-14T16:13:01","date_gmt":"2022-10-14T14:13:01","guid":{"rendered":"https:\/\/carocandle.fr\/?page_id=95"},"modified":"2023-02-01T19:32:17","modified_gmt":"2023-02-01T18:32:17","slug":"remise-en-main-propre","status":"publish","type":"page","link":"https:\/\/carocandle.fr\/?page_id=95","title":{"rendered":"Remise en main propre"},"content":{"rendered":"\t\t<div data-elementor-type=\"wp-page\" data-elementor-id=\"95\" class=\"elementor elementor-95\">\n\t\t\t\t\t\t<section class=\"elementor-section elementor-top-section elementor-element elementor-element-3844164f elementor-section-boxed elementor-section-height-default elementor-section-height-default\" data-id=\"3844164f\" data-element_type=\"section\" data-e-type=\"section\">\n\t\t\t\t\t\t<div class=\"elementor-container elementor-column-gap-default\">\n\t\t\t\t\t<div class=\"elementor-column elementor-col-100 elementor-top-column elementor-element elementor-element-438b1e8c\" data-id=\"438b1e8c\" data-element_type=\"column\" data-e-type=\"column\">\n\t\t\t<div class=\"elementor-widget-wrap elementor-element-populated\">\n\t\t\t\t\t\t<div class=\"elementor-element elementor-element-592baac4 elementor-widget elementor-widget-text-editor\" data-id=\"592baac4\" data-element_type=\"widget\" data-e-type=\"widget\" data-widget_type=\"text-editor.default\">\n\t\t\t\t<div class=\"elementor-widget-container\">\n\t\t\t\t\t\t\t\t\t\n<p><span style=\"text-decoration: underline;\"><em><strong><span style=\"color: #b422d8; text-decoration: underline;\">Retrait de vos commandes en main propre<\/span><\/strong><\/em><\/span><br \/><em><strong><span style=\"color: #9700e2;\">Vous habitez tout pr\u00e8s de mon atelier (les pennes Mirabeau (13170)) ?<\/span><\/strong><\/em><br \/><span style=\"color: #000000;\">Vous pouvez opter pour la remise en main propre en s\u00e9lectionnant cette option lors du choix du mode de livraison, \u00e0 la fin de votre commande : les frais de port passeront \u00e0 0 \u20ac.<\/span><\/p>\n<p><span style=\"color: #000000;\"><\/span><\/p>\n<p><span style=\"color: #000000;\">Je vous enverrai un MAIL ou un SMS d\u00e8s que votre commande sera pr\u00eate \u00e0 \u00eatre retir\u00e9e.<\/span><\/p>\n<p><\/p>\n<p><span style=\"color: #ff0000;\">ATTENTION : merci de noter que pour une remise en main propre, ce sera vous qui devrez venir chercher votre commande \ud83d\ude09 .<\/span><\/p>\n<p><\/p>\n<p><span style=\"color: #000000;\">Retrait l&rsquo;\u00e9cole maternelle \/ primaire\u00a0 de la Renardi\u00e8re .<\/span><\/p>\n<p><span style=\"color: #000000;\">\u00a0Je donne mes rendez-vous devant l&rsquo;\u00e9cole.\u00a0<\/span><\/p>\n<p><span style=\"color: #000000;\"><\/span><\/p>\n<p><span style=\"color: #000000;\">Retrait devant le Leclerc de Marignane , le mercredi uniquement, \u00e0 partir de 16 h 30.<\/span><\/p>\n<p><span style=\"color: #000000;\"><\/span><\/p>\n<p><span style=\"color: #000000;\">Je reste aussi disponible pour un retrait devant le Carrefours de Vitrolles\u00a0 jusqu&rsquo;\u00e0 18h le mercredi, au besoin.<\/span><\/p>\n<p>Ainsi que le samedi ou dimanche a Plan de Campagne pour les personnes qui habite loin ( rdv par Messenger ou tel ).<\/p>\n<p><span style=\"color: #000000;\"><\/span><\/p>\n<p><span style=\"color: #000000;\">Retrait lors de march\u00e9s, \u00e9v\u00e9nements &#8230;<\/span><br \/><span style=\"color: #000000;\">Je vous propose aussi de retirer vos commandes sur les march\u00e9s auxquels je participe, moyennant un d\u00e9lai suffisant pour la pr\u00e9paration de votre commande. Pr\u00e9venez moi simplement que vous souhaitez retirer votre commande \u00e0 tel march\u00e9, et je l&#8217;emm\u00e8nerai avec moi \ud83d\ude42<\/span><\/p>\n\t\t\t\t\t\t\t\t<\/div>\n\t\t\t\t<\/div>\n\t\t\t\t\t<\/div>\n\t\t<\/div>\n\t\t\t\t\t<\/div>\n\t\t<\/section>\n\t\t\t\t<\/div>\n\t\t","protected":false},"excerpt":{"rendered":"<p>Retrait de vos commandes en main propreVous habitez tout pr\u00e8s de mon atelier (les pennes Mirabeau (13170)) ?Vous pouvez opter pour la remise en main propre en s\u00e9lectionnant cette option [&hellip;]<\/p>\n","protected":false},"author":1,"featured_media":0,"parent":0,"menu_order":0,"comment_status":"closed","ping_status":"closed","template":"","meta":{"footnotes":""},"class_list":["post-95","page","type-page","status-publish","hentry"],"blocksy_meta":{"styles_descriptor":{"styles":{"desktop":"","tablet":"","mobile":""},"google_fonts":[],"version":6}},"_links":{"self":[{"href":"https:\/\/carocandle.fr\/index.php?rest_route=\/wp\/v2\/pages\/95","targetHints":{"allow":["GET"]}}],"collection":[{"href":"https:\/\/carocandle.fr\/index.php?rest_route=\/wp\/v2\/pages"}],"about":[{"href":"https:\/\/carocandle.fr\/index.php?rest_route=\/wp\/v2\/types\/page"}],"author":[{"embeddable":true,"href":"https:\/\/carocandle.fr\/index.php?rest_route=\/wp\/v2\/users\/1"}],"replies":[{"embeddable":true,"href":"https:\/\/carocandle.fr\/index.php?rest_route=%2Fwp%2Fv2%2Fcomments&post=95"}],"version-history":[{"count":0,"href":"https:\/\/carocandle.fr\/index.php?rest_route=\/wp\/v2\/pages\/95\/revisions"}],"wp:attachment":[{"href":"https:\/\/carocandle.fr\/index.php?rest_route=%2Fwp%2Fv2%2Fmedia&parent=95"}],"curies":[{"name":"wp","href":"https:\/\/api.w.org\/{rel}","templated":true}]}}