{"id":72,"date":"2022-10-14T16:01:50","date_gmt":"2022-10-14T14:01:50","guid":{"rendered":"https:\/\/carocandle.fr\/?page_id=72"},"modified":"2022-10-14T16:02:17","modified_gmt":"2022-10-14T14:02:17","slug":"ethique","status":"publish","type":"page","link":"https:\/\/carocandle.fr\/?page_id=72","title":{"rendered":"\u00c9thique"},"content":{"rendered":"\t\t<div data-elementor-type=\"wp-page\" data-elementor-id=\"72\" class=\"elementor elementor-72\">\n\t\t\t\t\t\t<section class=\"elementor-section elementor-top-section elementor-element elementor-element-37a0316b elementor-section-boxed elementor-section-height-default elementor-section-height-default\" data-id=\"37a0316b\" data-element_type=\"section\" data-e-type=\"section\">\n\t\t\t\t\t\t<div class=\"elementor-container elementor-column-gap-default\">\n\t\t\t\t\t<div class=\"elementor-column elementor-col-100 elementor-top-column elementor-element elementor-element-1ebc887e\" data-id=\"1ebc887e\" data-element_type=\"column\" data-e-type=\"column\">\n\t\t\t<div class=\"elementor-widget-wrap elementor-element-populated\">\n\t\t\t\t\t\t<div class=\"elementor-element elementor-element-609fe7fb elementor-widget elementor-widget-text-editor\" data-id=\"609fe7fb\" data-element_type=\"widget\" data-e-type=\"widget\" data-widget_type=\"text-editor.default\">\n\t\t\t\t<div class=\"elementor-widget-container\">\n\t\t\t\t\t\t\t\t\t<p><span style=\"text-decoration: underline; color: #b422d8;\"><em><strong>CaroCandle :<\/strong><\/em><\/span><br \/><span style=\"color: #000000;\">Du Made in France, enti\u00e8rement fabriqu\u00e9s en R\u00e9gion PACA, nos produits: bougies, fondants\u00a0 sont fait main par nos soins.\u00a0<\/span><\/p>\n<p><!-- \/wp:paragraph --><!-- wp:paragraph --><\/p>\n<p><span style=\"text-decoration: underline; color: #b422d8;\"><em><strong>CIRE ET M\u00c8CHE POUR LA FABRICATION DES BOUGIES :<\/strong><\/em><\/span><br \/><span style=\"color: #000000;\">Toutes nos bougies sont uniquement en cire\u00a0 100% v\u00e9g\u00e9tale, en cire de soja sans OGM, sans pesticides. La cire v\u00e9g\u00e9tale de soja que j\u2019utilise est respectueuse de l\u2019environnement, elle est renouvelable, biod\u00e9gradable, sans OGM, sans pesticides, et non test\u00e9e sur les animaux. Cette cire permet une combustion de la bougie plus longue d\u2019environ 37% qu\u2019une bougie en paraffine polluante et nocive. Les m\u00e8ches des bougies sont soit en coton, soit en bois.<\/span><\/p>\n<p><!-- \/wp:paragraph --><!-- wp:paragraph --><\/p>\n<p><span style=\"text-decoration: underline;\"><em><strong><span style=\"color: #b422d8; text-decoration: underline;\">PARFUMS POUR LA FABRICATION DES BOUGIES ET FONDANTS<\/span><\/strong><\/em><\/span><br \/><span style=\"text-decoration: underline;\"><em><strong><span style=\"color: #b422d8; text-decoration: underline;\">AUX FRAGRANCES DE GRASSE: <\/span><\/strong><\/em><\/span><\/p>\n<p><span style=\"color: #000000;\">Les senteurs utilis\u00e9es dans la composition de nos bougies parfum\u00e9es et nos fondants en cire parfum\u00e9e sont fabriqu\u00e9s en France, en R\u00e9gion PACA par des parfumeurs de Grasse, capitale mondiale du parfum. Ce sont des parfums sp\u00e9cialement adapt\u00e9s pour les bougies r\u00e9pondant aux normes IFRA (international fragrance association). Je prends le soin de s\u00e9lectionner les parfums sans CMR* et sans phtalates.<\/span><\/p>\n<p><!-- \/wp:paragraph --><!-- wp:paragraph --><\/p>\n<p><span style=\"text-decoration: underline;\"><em><strong><span style=\"color: #b422d8; text-decoration: underline;\">GAMMES AUX HUILES ESSENTIELLES:<\/span><\/strong><\/em><\/span><\/p>\n<p><span style=\"color: #000000;\"> je propose \u00e0 la vente des gammes de bougies et fondants parfum\u00e9s 100% naturelles \u00e0 base d\u2019huiles essentielles bio ou non.\u00a0<\/span><\/p>\n<p><!-- \/wp:paragraph --><!-- wp:paragraph --><\/p>\n<p><span style=\"text-decoration: underline;\"><em><strong><span style=\"color: #b422d8; text-decoration: underline;\">COLORANTS POUR LA FABRICATION DES BOUGIES ET FONDANTS :<\/span><\/strong><\/em><\/span><br \/><span style=\"color: #000000;\">Les colorants utilis\u00e9s pour teinter certaines de nos bougies parfum\u00e9es et nos fondants en cire sont 100% naturels, ce sont des micas provenant de France. Tous sont adapt\u00e9s pour les bougies et fondants. Je propose \u00e9galement des gammes de bougies et fondants non teint\u00e9s afin que les colorants ne saturent pas la m\u00e8che au point de l\u2019emp\u00eacher \u00e0 se consumer normalement. Ce choix est appuy\u00e9 par le fait que nous ne voulons pas utiliser de colorants artificiels.<\/span><\/p>\n<p><!-- \/wp:paragraph --><!-- wp:paragraph --><\/p>\n<p><span style=\"text-decoration: underline; color: #b422d8;\"><em><strong>BOUGIES ET FONDANTS :<\/strong><\/em><\/span><br \/><span style=\"color: #000000;\">Toutes mes bougies et fondants parfum\u00e9s sont \u00e9labor\u00e9s dans le respect de la nature et des animaux. Aucun de mes ingr\u00e9dients n\u2019a \u00e9t\u00e9 test\u00e9 sur les animaux, ni les produits finis. Je n\u2019utilise ni cire de palme qui est responsable de d\u00e9forestations telles que celle de la for\u00eat indon\u00e9sienne et amazonienne, ni paraffine qui est un produit d\u00e9riv\u00e9 du p\u00e9trole extr\u00eamement polluant.<\/span><\/p>\n<p><!-- \/wp:paragraph --><!-- wp:paragraph --><\/p>\n<p><span style=\"text-decoration: underline; color: #b422d8;\"><em><strong>PRODUITS CERTIFI\u00c9S \u00ab MADE IN CaroCandle \u00bb:<\/strong><\/em><\/span><br \/><span style=\"color: #000000;\">Je peux d\u00e9livrer un certificat d\u2019authenticit\u00e9, attestant que mes bougies parfum\u00e9es et fondants parfum\u00e9s sont fabriqu\u00e9s main par mes soins en R\u00e9gion PACA, dans le sud de la France, avec des fragrances de Grasse, de France authentiques et huile essentielle .<\/span><\/p>\n<p><!-- \/wp:paragraph --><!-- wp:paragraph --><\/p>\n<p><span style=\"color: #ff0000;\">*CMR: Sigle d\u00e9signant les substances Canc\u00e9rog\u00e8nes, Mutag\u00e8nes (induisant des modifications permanentes du nombre et\/ou de la structure du mat\u00e9riel g\u00e9n\u00e9tique de l\u2019organisme) ou Toxiques pour la Reproduction (notamment en provoquant des malformations des organes sexuels ou portant atteinte \u00e0 la qualit\u00e9 du sperme).<\/span><\/p>\t\t\t\t\t\t\t\t<\/div>\n\t\t\t\t<\/div>\n\t\t\t\t\t<\/div>\n\t\t<\/div>\n\t\t\t\t\t<\/div>\n\t\t<\/section>\n\t\t\t\t<\/div>\n\t\t","protected":false},"excerpt":{"rendered":"<p>CaroCandle :Du Made in France, enti\u00e8rement fabriqu\u00e9s en R\u00e9gion PACA, nos produits: bougies, fondants\u00a0 sont fait main par nos soins.\u00a0 CIRE ET M\u00c8CHE POUR LA FABRICATION DES BOUGIES :Toutes nos [&hellip;]<\/p>\n","protected":false},"author":1,"featured_media":0,"parent":0,"menu_order":0,"comment_status":"closed","ping_status":"closed","template":"","meta":{"footnotes":""},"class_list":["post-72","page","type-page","status-publish","hentry"],"blocksy_meta":{"styles_descriptor":{"styles":{"desktop":"","tablet":"","mobile":""},"google_fonts":[],"version":6}},"_links":{"self":[{"href":"https:\/\/carocandle.fr\/index.php?rest_route=\/wp\/v2\/pages\/72","targetHints":{"allow":["GET"]}}],"collection":[{"href":"https:\/\/carocandle.fr\/index.php?rest_route=\/wp\/v2\/pages"}],"about":[{"href":"https:\/\/carocandle.fr\/index.php?rest_route=\/wp\/v2\/types\/page"}],"author":[{"embeddable":true,"href":"https:\/\/carocandle.fr\/index.php?rest_route=\/wp\/v2\/users\/1"}],"replies":[{"embeddable":true,"href":"https:\/\/carocandle.fr\/index.php?rest_route=%2Fwp%2Fv2%2Fcomments&post=72"}],"version-history":[{"count":0,"href":"https:\/\/carocandle.fr\/index.php?rest_route=\/wp\/v2\/pages\/72\/revisions"}],"wp:attachment":[{"href":"https:\/\/carocandle.fr\/index.php?rest_route=%2Fwp%2Fv2%2Fmedia&parent=72"}],"curies":[{"name":"wp","href":"https:\/\/api.w.org\/{rel}","templated":true}]}}