{"id":3,"date":"2022-10-12T17:47:31","date_gmt":"2022-10-12T15:47:31","guid":{"rendered":"https:\/\/carocandle.fr\/?page_id=3"},"modified":"2026-02-20T01:04:57","modified_gmt":"2026-02-20T00:04:57","slug":"politique-de-confidentialite","status":"publish","type":"page","link":"https:\/\/carocandle.fr\/?page_id=3","title":{"rendered":"Politique de confidentialit\u00e9"},"content":{"rendered":"\t\t<div data-elementor-type=\"wp-page\" data-elementor-id=\"3\" class=\"elementor elementor-3\">\n\t\t\t\t\t\t<section class=\"elementor-section elementor-top-section elementor-element elementor-element-1fed1eb6 elementor-section-boxed elementor-section-height-default elementor-section-height-default\" data-id=\"1fed1eb6\" data-element_type=\"section\" data-e-type=\"section\">\n\t\t\t\t\t\t<div class=\"elementor-container elementor-column-gap-default\">\n\t\t\t\t\t<div class=\"elementor-column elementor-col-100 elementor-top-column elementor-element elementor-element-3fa0d41a\" data-id=\"3fa0d41a\" data-element_type=\"column\" data-e-type=\"column\">\n\t\t\t<div class=\"elementor-widget-wrap elementor-element-populated\">\n\t\t\t\t\t\t<div class=\"elementor-element elementor-element-3ab081b9 elementor-widget elementor-widget-text-editor\" data-id=\"3ab081b9\" data-element_type=\"widget\" data-e-type=\"widget\" data-widget_type=\"text-editor.default\">\n\t\t\t\t<div class=\"elementor-widget-container\">\n\t\t\t\t\t\t\t\t\t\n<p><span style=\"color: #000000;\">Cookies, conformit\u00e9 RGPD\u2026<\/span><\/p>\n<p><span style=\"text-decoration: underline; color: #b422d8;\"><em><strong>1 \u2013 Mentions l\u00e9gales :<\/strong><\/em><\/span><br \/><span style=\"color: #000000;\">Mme Caroline GOJKOVIC, 1 rue Alexandre Dumas la restelido\u00a0 13170 les pennes Mirabeau, France<\/span><br \/><span style=\"color: #000000;\">E-mail: carocandle@free.fr<\/span><br \/><span style=\"color: #000000;\">T\u00e9l\u00e9phone: +33 6-20-85-83-87<\/span><\/p>\n<p><span style=\"color: #000000;\">L\u2019adresse de notre site Web est : https:\/\/www.CaroCandle.fr<\/span><\/p>\n<p><span style=\"text-decoration: underline; color: #b422d8;\"><em><strong>2 \u2013 Utilisation des donn\u00e9es personnelles collect\u00e9es :<\/strong><\/em><\/span><br \/><span style=\"color: #000000;\">Vos donn\u00e9es personnelles restent au seul et simple usage de CaroCandle.<\/span><\/p>\n<p><span style=\"color: #e200c0;\"><em><strong>a \u2013 Commentaires :<\/strong><\/em><\/span><br \/><span style=\"color: #000000;\">Quand vous laissez un commentaire sur notre site web, les donn\u00e9es inscrites dans le formulaire de commentaire, mais aussi votre adresse IP et l\u2019agent utilisateur de votre navigateur sont collect\u00e9s pour nous aider \u00e0 la d\u00e9tection des commentaires ind\u00e9sirables.<\/span><\/p>\n<p><span style=\"color: #000000;\">Une cha\u00eene anonymis\u00e9e cr\u00e9\u00e9e \u00e0 partir de votre adresse de messagerie (\u00e9galement appel\u00e9e hash) peut \u00eatre envoy\u00e9e au service Gravatar pour v\u00e9rifier si vous utilisez ce dernier. Les clauses de confidentialit\u00e9 du service Gravatar sont disponibles ici : https:\/\/automattic.com\/privacy\/. Apr\u00e8s validation de votre commentaire, votre photo de profil sera visible publiquement \u00e0 cot\u00e9 de votre commentaire.<\/span><\/p>\n<p><span style=\"color: #e200c0;\"><em><strong>b \u2013 M\u00e9dias :<\/strong><\/em><\/span><br \/><span style=\"color: #000000;\">Si vous \u00eates un utilisateur ou une utilisatrice enregistr\u00e9e et que vous t\u00e9l\u00e9versez des images sur le site web, nous vous conseillons d\u2019\u00e9viter de t\u00e9l\u00e9verser des images contenant des donn\u00e9es EXIF de coordonn\u00e9es GPS. Les visiteurs de votre site web peuvent t\u00e9l\u00e9charger et extraire des donn\u00e9es de localisation depuis ces images.<\/span><\/p>\n<p><span style=\"color: #e200c0;\"><em><strong>c \u2013 Formulaires de contact :<\/strong><\/em><\/span><\/p>\n<p><span style=\"color: #000000;\">Vos donn\u00e9es personnelles restent au seul et simple usage des personnes habilit\u00e9es par \u201cCaroCandle\u201d.<\/span><\/p>\n<p><span style=\"color: #000000;\">Un formulaire de contact est propos\u00e9 par \u201cCaroCandle\u201d. Ce formulaire traite les demandes pr\u00e9sent\u00e9es par tout public. Les donn\u00e9es recueillies dans ce formulaire permettent de traiter la demande et de fournir une r\u00e9ponse.<\/span><\/p>\n<p><span style=\"color: #000000;\">Certaines donn\u00e9es sont obligatoires pour la gestion des finalit\u00e9s mentionn\u00e9es plus haut. Ne pas les renseigner ne permettra pas de traiter votre demande. Les autres sont facultatives. Le formulaire de contact contient un champ \u00ab message \u00bb dans lequel vous pouvez formuler votre demande. Il est conseill\u00e9 de n\u2019y mentionner que les \u00e9l\u00e9ments d\u2019information n\u00e9cessaires au traitement de votre demande et, en particulier, d\u2019\u00e9viter d\u2019y inclure, si cela n\u2019est pas indispensable, des donn\u00e9es sensibles vous concernant ou concernant une personne tierce (par exemple : num\u00e9ro de s\u00e9curit\u00e9 sociale, donn\u00e9es de sant\u00e9, etc.).<\/span><\/p>\n<p><span style=\"color: #000000;\">En cochant le bouton \u00ab Envoyer \u00bb, l\u2019internaute doit avoir reconnu avoir pris connaissance de la Politique de Confidentialit\u00e9 des Donn\u00e9es de \u201cLe roucal\u201d, en cochant la case de type Otp-in. \u201cCaroCandle\u201d s\u2019engage, qu\u2019en aucun cas, ces donn\u00e9es puissent \u00eatre c\u00e9d\u00e9es \u00e0 des tiers sous quelque forme que ce soit.<\/span><\/p>\n<p><span style=\"color: #000000;\">En remplissant le formulaire de contact avec leurs donn\u00e9es, l\u2019utilisateur autorise l\u2019utilisation de ces renseignements par ce site Web aux fins de r\u00e9pondre aux demandes d\u2019information, de citations ou \u00e0 toute autre demande tel que l\u2019indique l\u2019en-t\u00eate du formulaire.<\/span><br \/><span style=\"color: #000000;\">Donn\u00e9es personnelles collect\u00e9es : nom de famille, t\u00e9l\u00e9phone, adresse \u00e9lectronique.<\/span><br \/><span style=\"color: #000000;\">Lieu de traitement : le pennes Mirabeau (13170)<\/span><\/p>\n<p><span style=\"color: #000000;\">Les donn\u00e9es sont conserv\u00e9es deux ans \u00e0 compter du dernier contact ou de la derni\u00e8re intervention dans les bases de donn\u00e9es des outils de gestion.<\/span><\/p>\n<p><span style=\"color: #e200c0;\"><em><strong>d \u2013 Cookies :<\/strong><\/em><\/span><\/p>\n<p><span style=\"color: #000000;\">Voir la page : Politique de Cookies (UE)<\/span><\/p>\n<p><span style=\"color: #000000;\">Vous pouvez vous opposer au suivi de votre navigation sur ce site web. Cela prot\u00e9gera votre vie priv\u00e9e, mais emp\u00eachera \u00e9galement le propri\u00e9taire d\u2019apprendre de vos actions et de cr\u00e9er une meilleure exp\u00e9rience pour vous et les autres utilisateurs.<\/span><\/p>\n<p><span style=\"color: #000000;\">Vous pouvez vous opposer au suivi de votre navigation sur ce site web. Cela prot\u00e9gera votre vie priv\u00e9e, mais emp\u00eachera \u00e9galement le propri\u00e9taire d&rsquo;apprendre de vos actions et de cr\u00e9er une meilleure exp\u00e9rience pour vous et les autres utilisateurs.<\/span><\/p>\n<p><span style=\"color: #000000;\">Vous n&rsquo;\u00eates pas exclu(e). D\u00e9cochez cette case pour vous exclure.<\/span><\/p>\n<p><span style=\"text-decoration: underline; color: #b422d8;\"><em><strong>3 \u2013 Affichage de contenus \u00e0 partir de plateformes externes :<\/strong><\/em><\/span><br \/><span style=\"color: #e200c0;\"><em><strong>a \u2013 Google ReCAPTCHA :<\/strong><\/em><\/span> <span style=\"color: #000000;\">Google ReCAPTCHA est un service antispam pour supprimer les commentaires ind\u00e9sirables.<\/span><\/p>\n<p><span style=\"color: #000000;\">Donn\u00e9es personnelles collect\u00e9es : diff\u00e9rents types de Donn\u00e9es indiqu\u00e9es dans la politique de confidentialit\u00e9 du service et Donn\u00e9es d\u2019utilisation.<\/span><br \/><span style=\"color: #000000;\">Lieu de traitement : \u00c9tats-Unis \u2013 Politique de confidentialit\u00e9. Participant au bouclier de protection des donn\u00e9es.<\/span><br \/><span style=\"color: #e200c0;\"><em><strong>b \u2013 Google Fonts :<\/strong><\/em> <\/span><span style=\"color: #000000;\">Google Fonts est un service de visualisation de polices de caract\u00e8res fourni par Google Inc. qui permet \u00e0 ce site Web d\u2019incorporer un contenu de cette nature sur ses pages.<\/span><\/p>\n<p><span style=\"color: #000000;\">Donn\u00e9es personnelles collect\u00e9es : diff\u00e9rents types de Donn\u00e9es indiqu\u00e9es dans la politique de confidentialit\u00e9 du service et Donn\u00e9es d\u2019utilisation.<\/span><br \/><span style=\"color: #000000;\">Lieu de traitement : \u00c9tats-Unis \u2013 Politique de confidentialit\u00e9. Participant au bouclier de protection des donn\u00e9es.<\/span><br \/><span style=\"color: #e200c0;\"><em><strong>c \u2013 Facebook :<\/strong><\/em><\/span> <span style=\"color: #000000;\">Facebook est un service de type \u00ab r\u00e9seau social \u00bb.<\/span><\/p>\n<p><span style=\"color: #000000;\">Donn\u00e9es personnelles collect\u00e9es : diff\u00e9rents types de Donn\u00e9es indiqu\u00e9es dans la politique de confidentialit\u00e9 du service et Donn\u00e9es d\u2019utilisation.<\/span><br \/><span style=\"color: #000000;\">Lieu de traitement : \u00c9tats-Unis \u2013 Politique de confidentialit\u00e9. Participant au bouclier de protection des donn\u00e9es.<\/span><\/p>\n<p><span style=\"text-decoration: underline; color: #b422d8;\"><em><strong>4 \u2013 Utilisation et transmission de vos donn\u00e9es personnelles :<\/strong><\/em><\/span><br \/><span style=\"color: #000000;\">Vos donn\u00e9es personnelles ne seront transmises \u00e0 aucun autre prestataire quelqu\u2019il soit. Elles restent au seul et simple usage de \u201cCaroCandle\u201d. Elles sont stock\u00e9es en local et non en r\u00e9seau ou sur un quelconque portail web. Les fichiers de base de donn\u00e9es personnelles sont tenus sur un ordinateur, s\u00e9curis\u00e9.<\/span><\/p>\n<p><span style=\"text-decoration: underline; color: #b422d8;\"><em><strong>5 \u2013 Les droits que vous avez sur vos donn\u00e9es :<\/strong><\/em><\/span><br \/><span style=\"color: #000000;\">Si vous avez un compte ou si vous avez laiss\u00e9 des commentaires sur le site, vous pouvez demander \u00e0 recevoir un fichier contenant toutes les donn\u00e9es personnelles que nous poss\u00e9dons \u00e0 votre sujet, incluant celles que vous nous avez fournies. Vous pouvez \u00e9galement demander la suppression des donn\u00e9es personnelles vous concernant (loi Informatique et Libert\u00e9 du 06\/01\/1978). Cela ne prend pas en compte les donn\u00e9es stock\u00e9es \u00e0 des fins administratives, l\u00e9gales ou pour des raisons de s\u00e9curit\u00e9.<\/span><\/p>\n<p><span style=\"color: #000000;\">En application des articles 14 \u00e0 22 du r\u00e8glement 2016\/679 du 27 avril 2016, toute personne physique utilisant le service a la facult\u00e9 d\u2019exercer les droits suivants :<\/span><br \/><span style=\"color: #000000;\">\u2022 Un droit d\u2019acc\u00e8s<\/span><br \/><span style=\"color: #000000;\">\u2022 Un droit de rectification<\/span><br \/><span style=\"color: #000000;\">\u2022 Un droit d\u2019opposition et d\u2019effacement au traitement de ses donn\u00e9es<\/span><br \/><span style=\"color: #000000;\">\u2022 Un droit d\u2019opposition au profilage<\/span><br \/><span style=\"color: #000000;\">\u2022 Un droit \u00e0 la limitation du traitement<\/span><br \/><span style=\"color: #000000;\">\u2022 Un droit \u00e0 la portabilit\u00e9 de ses donn\u00e9es<\/span><\/p>\n<p><span style=\"color: #000000;\">Pour effectuer une demande de retrait ou de modification de vos donn\u00e9es personnelles recueillies par CaroCandle, merci d\u2019envoyer un message via le formulaire de Contact.<\/span><\/p>\n<p><span style=\"text-decoration: underline; color: #b422d8;\"><em><strong>6 \u2013 Informations suppl\u00e9mentaires :<\/strong><\/em><\/span><br \/><span style=\"color: #e200c0;\"><em><strong>a \u2013 Comment nous prot\u00e9geons vos donn\u00e9es<\/strong><\/em><\/span><br \/><span style=\"color: #000000;\">Vos donn\u00e9es sont transmises en connexion chiffr\u00e9e (SSL \u2013 https) et prot\u00e9g\u00e9es sur le serveur et le site internet par un Firewall et un antivirus.<\/span><\/p>\n<p><span style=\"color: #e200c0;\"><em><strong>b \u2013 Proc\u00e9dures mises en \u0153uvre en cas de fuite de donn\u00e9es<\/strong><\/em><\/span><br \/><span style=\"color: #000000;\">Nous avertissons d\u00e8s connaissance de la fuite l\u2019usager et la CNIL et proc\u00e9dons \u00e0 la correction de la faille de s\u00e9curit\u00e9.<\/span><\/p>\n<p><span style=\"text-decoration: underline; color: #b422d8;\"><em><strong>7 \u2013 RGPD :<\/strong><\/em><\/span><br \/><span style=\"color: #000000;\">Registres<\/span><br \/><span style=\"color: #000000;\">\u201cCaroCandle\u201d respecte la nouvelle loi RGDP 2016\/679 et a \u00e9tabli et imprim\u00e9 :<\/span><br \/><span style=\"color: #000000;\">1 \u2013 Son Registre de Traitement des Donn\u00e9es RGPD<\/span><br \/><span style=\"color: #000000;\">2 \u2013 Son Registre de Violations des Donn\u00e9es<\/span><br \/><span style=\"color: #000000;\">3 \u2013 Son Registre des Sous-Traitants<\/span><\/p>\n<p><span style=\"text-decoration: underline; color: #b422d8;\"><em><strong>8 \u2013 Informations l\u00e9gales :<\/strong><\/em><\/span><br \/><span style=\"color: #000000;\">Avis aux Utilisateurs europ\u00e9ens : la pr\u00e9sente politique de confidentialit\u00e9 a \u00e9t\u00e9 pr\u00e9par\u00e9e en ex\u00e9cution des obligations d\u00e9finies \u00e0 l\u2019article 10 de de la directive europ\u00e9enne n\u00b095\/46\/CE et en vertu des dispositions de la directive 2002\/58\/CE, telle que r\u00e9vis\u00e9e par la directive 2009\/136\/CE portant sur les cookies.<\/span><br \/><span style=\"color: #000000;\">Cette politique de confidentialit\u00e9 s\u2019applique exclusivement \u00e0 ce site Web.<\/span><\/p>\n<p><span style=\"color: #000000;\">Site Internet Conforme Rgpd<\/span><\/p>\n<p><span style=\"color: #000000;\">Mise en place (cr\u00e9ation du site) :\u00a0 novembre 2022<\/span><\/p>\n\t\t\t\t\t\t\t\t<\/div>\n\t\t\t\t<\/div>\n\t\t\t\t\t<\/div>\n\t\t<\/div>\n\t\t\t\t\t<\/div>\n\t\t<\/section>\n\t\t\t\t<\/div>\n\t\t","protected":false},"excerpt":{"rendered":"<p>Cookies, conformit\u00e9 RGPD\u2026 1 \u2013 Mentions l\u00e9gales :Mme Caroline GOJKOVIC, 1 rue Alexandre Dumas la restelido\u00a0 13170 les pennes Mirabeau, FranceE-mail: carocandle@free.frT\u00e9l\u00e9phone: +33 6-20-85-83-87 L\u2019adresse de notre site Web est [&hellip;]<\/p>\n","protected":false},"author":1,"featured_media":0,"parent":0,"menu_order":0,"comment_status":"closed","ping_status":"open","template":"","meta":{"footnotes":""},"class_list":["post-3","page","type-page","status-publish","hentry"],"blocksy_meta":{"styles_descriptor":{"styles":{"desktop":"","tablet":"","mobile":""},"google_fonts":[],"version":6}},"_links":{"self":[{"href":"https:\/\/carocandle.fr\/index.php?rest_route=\/wp\/v2\/pages\/3","targetHints":{"allow":["GET"]}}],"collection":[{"href":"https:\/\/carocandle.fr\/index.php?rest_route=\/wp\/v2\/pages"}],"about":[{"href":"https:\/\/carocandle.fr\/index.php?rest_route=\/wp\/v2\/types\/page"}],"author":[{"embeddable":true,"href":"https:\/\/carocandle.fr\/index.php?rest_route=\/wp\/v2\/users\/1"}],"replies":[{"embeddable":true,"href":"https:\/\/carocandle.fr\/index.php?rest_route=%2Fwp%2Fv2%2Fcomments&post=3"}],"version-history":[{"count":0,"href":"https:\/\/carocandle.fr\/index.php?rest_route=\/wp\/v2\/pages\/3\/revisions"}],"wp:attachment":[{"href":"https:\/\/carocandle.fr\/index.php?rest_route=%2Fwp%2Fv2%2Fmedia&parent=3"}],"curies":[{"name":"wp","href":"https:\/\/api.w.org\/{rel}","templated":true}]}}