{"id":2320,"date":"2026-01-31T11:04:27","date_gmt":"2026-01-31T10:04:27","guid":{"rendered":"https:\/\/carocandle.fr\/?page_id=2320"},"modified":"2026-02-10T17:33:12","modified_gmt":"2026-02-10T16:33:12","slug":"noel","status":"publish","type":"page","link":"https:\/\/carocandle.fr\/?page_id=2320","title":{"rendered":"NO\u00cbL"},"content":{"rendered":"\t\t<div data-elementor-type=\"wp-page\" data-elementor-id=\"2320\" class=\"elementor elementor-2320\">\n\t\t\t\t<div class=\"elementor-element elementor-element-dd9b9d9 e-flex e-con-boxed e-con e-parent\" data-id=\"dd9b9d9\" data-element_type=\"container\" data-e-type=\"container\">\n\t\t\t\t\t<div class=\"e-con-inner\">\n\t\t\t\t<div class=\"elementor-element elementor-element-7016190 elementor-widget elementor-widget-heading\" data-id=\"7016190\" data-element_type=\"widget\" data-e-type=\"widget\" data-widget_type=\"heading.default\">\n\t\t\t\t<div class=\"elementor-widget-container\">\n\t\t\t\t\t<h2 class=\"elementor-heading-title elementor-size-default\">NO\u00cbL<\/h2>\t\t\t\t<\/div>\n\t\t\t\t<\/div>\n\t\t\t\t\t<\/div>\n\t\t\t\t<\/div>\n\t\t<div class=\"elementor-element elementor-element-6a763df e-flex e-con-boxed e-con e-parent\" data-id=\"6a763df\" data-element_type=\"container\" data-e-type=\"container\">\n\t\t\t\t\t<div class=\"e-con-inner\">\n\t\t\t\t\t<\/div>\n\t\t\t\t<\/div>\n\t\t<div class=\"elementor-element elementor-element-2884d6f e-flex e-con-boxed e-con e-parent\" data-id=\"2884d6f\" data-element_type=\"container\" data-e-type=\"container\">\n\t\t\t\t\t<div class=\"e-con-inner\">\n\t\t\t\t<div class=\"elementor-element elementor-element-abaa2fa elementor-align-center elementor-widget elementor-widget-button\" data-id=\"abaa2fa\" data-element_type=\"widget\" data-e-type=\"widget\" data-widget_type=\"button.default\">\n\t\t\t\t<div class=\"elementor-widget-container\">\n\t\t\t\t\t\t\t\t\t<div class=\"elementor-button-wrapper\">\n\t\t\t\t\t<a class=\"elementor-button elementor-button-link elementor-size-sm\" href=\"https:\/\/carocandle.fr\/?page_id=2254\">\n\t\t\t\t\t\t<span class=\"elementor-button-content-wrapper\">\n\t\t\t\t\t\t\t\t\t<span class=\"elementor-button-text\">retour aux cat\u00e9gories<\/span>\n\t\t\t\t\t<\/span>\n\t\t\t\t\t<\/a>\n\t\t\t\t<\/div>\n\t\t\t\t\t\t\t\t<\/div>\n\t\t\t\t<\/div>\n\t\t\t\t\t<\/div>\n\t\t\t\t<\/div>\n\t\t<div class=\"elementor-element elementor-element-e7240e4 e-flex e-con-boxed e-con e-parent\" data-id=\"e7240e4\" data-element_type=\"container\" data-e-type=\"container\">\n\t\t\t\t\t<div class=\"e-con-inner\">\n\t\t\t\t\t<\/div>\n\t\t\t\t<\/div>\n\t\t<div class=\"elementor-element elementor-element-cd0979c e-grid e-con-boxed e-con e-parent\" data-id=\"cd0979c\" data-element_type=\"container\" data-e-type=\"container\">\n\t\t\t\t\t<div class=\"e-con-inner\">\n\t\t\t\t<div class=\"elementor-element elementor-element-e0a0473 elementor-position-top elementor-widget elementor-widget-image-box\" data-id=\"e0a0473\" data-element_type=\"widget\" data-e-type=\"widget\" data-widget_type=\"image-box.default\">\n\t\t\t\t<div class=\"elementor-widget-container\">\n\t\t\t\t\t<div class=\"elementor-image-box-wrapper\"><figure class=\"elementor-image-box-img\"><img decoding=\"async\" src=\"https:\/\/carocandle.fr\/wp-content\/uploads\/elementor\/thumbs\/BRIOCHE-AU-BEURRE-rm2xw69ufln716fdr8d247vurvatlwc36fuwkxkljk.png\" title=\"BRIOCHE AU BEURRE\" alt=\"BRIOCHE AU BEURRE\" class=\"elementor-animation-grow\" loading=\"lazy\" \/><\/figure><div class=\"elementor-image-box-content\"><h3 class=\"elementor-image-box-title\">Brioche au Beurre<\/h3><p class=\"elementor-image-box-description\">Les notes sucr\u00e9es de brioche chaude se m\u00ealent \u00e0 des accords lact\u00e9s et caram\u00e9lis\u00e9s, soutenues par la douceur r\u00e9confortante de la vanille et de la noix de coco \u00e9voquant les matins ensoleill\u00e9s et les petits d\u00e9jeuners douillets.<\/p><\/div><\/div>\t\t\t\t<\/div>\n\t\t\t\t<\/div>\n\t\t\t\t<div class=\"elementor-element elementor-element-099bfa5 elementor-position-top elementor-widget elementor-widget-image-box\" data-id=\"099bfa5\" data-element_type=\"widget\" data-e-type=\"widget\" data-widget_type=\"image-box.default\">\n\t\t\t\t<div class=\"elementor-widget-container\">\n\t\t\t\t\t<div class=\"elementor-image-box-wrapper\"><figure class=\"elementor-image-box-img\"><img decoding=\"async\" src=\"https:\/\/carocandle.fr\/wp-content\/uploads\/elementor\/thumbs\/BAIES-GIVREES-rm2yh7vrg2gayvuwvbucxwpdkfknxxvqqlo9dyda8g.png\" title=\"BAIES GIVR\u00c9ES\" alt=\"BAIES GIVR\u00c9ES\" class=\"elementor-animation-grow\" loading=\"lazy\" \/><\/figure><div class=\"elementor-image-box-content\"><h3 class=\"elementor-image-box-title\">Baies Givr\u00e9es<\/h3><p class=\"elementor-image-box-description\">Pour une touche de fra\u00eecheur hivernale, cette essence m\u00eale des notes vertes et fruit\u00e9es rappelant les promenades matinales dans une nature silencieuse et enneig\u00e9e.<\/p><\/div><\/div>\t\t\t\t<\/div>\n\t\t\t\t<\/div>\n\t\t\t\t<div class=\"elementor-element elementor-element-1092768 elementor-position-top elementor-widget elementor-widget-image-box\" data-id=\"1092768\" data-element_type=\"widget\" data-e-type=\"widget\" data-widget_type=\"image-box.default\">\n\t\t\t\t<div class=\"elementor-widget-container\">\n\t\t\t\t\t<div class=\"elementor-image-box-wrapper\"><figure class=\"elementor-image-box-img\"><img decoding=\"async\" src=\"https:\/\/carocandle.fr\/wp-content\/uploads\/elementor\/thumbs\/CIMES-ENNEIGEES-rm2yhckye8mqkxo33vvhsdiojcxi0feef8xosc6bdc.png\" title=\"CIMES ENNEIG\u00c9ES\" alt=\"CIMES ENNEIG\u00c9ES\" class=\"elementor-animation-grow\" loading=\"lazy\" \/><\/figure><div class=\"elementor-image-box-content\"><h3 class=\"elementor-image-box-title\">Cimes Enneig\u00e9es<\/h3><p class=\"elementor-image-box-description\">Cette fragrance aux notes herbac\u00e9es aromatiques, poudr\u00e9es et florales diffuse une sensation de fra\u00eecheur et de s\u00e9r\u00e9nit\u00e9, inspir\u00e9e par la majest\u00e9 des montagnes enneig\u00e9es. <\/p><\/div><\/div>\t\t\t\t<\/div>\n\t\t\t\t<\/div>\n\t\t\t\t<div class=\"elementor-element elementor-element-b6c6ff3 elementor-position-top elementor-widget elementor-widget-image-box\" data-id=\"b6c6ff3\" data-element_type=\"widget\" data-e-type=\"widget\" data-widget_type=\"image-box.default\">\n\t\t\t\t<div class=\"elementor-widget-container\">\n\t\t\t\t\t<div class=\"elementor-image-box-wrapper\"><figure class=\"elementor-image-box-img\"><img decoding=\"async\" src=\"https:\/\/carocandle.fr\/wp-content\/uploads\/elementor\/thumbs\/ORANGE-EPICEE-rm2yhsk7mf8m2b0viks5grhimwqqna5u5g0xy1imfk.png\" title=\"ORANGE \u00c9PIC\u00c9E\" alt=\"ORANGE \u00c9PIC\u00c9E\" class=\"elementor-animation-grow\" loading=\"lazy\" \/><\/figure><div class=\"elementor-image-box-content\"><h3 class=\"elementor-image-box-title\">Orange \u00c9pic\u00e9e<\/h3><p class=\"elementor-image-box-description\">Cette fragrance s'ouvre sur des notes vivifiantes de citron et de cannelle. Le c\u0153ur, centr\u00e9 sur l'orange, s'associe \u00e0 des notes de fond de cumin et de girofle, offrant une interpr\u00e9tation moderne et \u00e9pic\u00e9e de la fragrance d'orange classique.<\/p><\/div><\/div>\t\t\t\t<\/div>\n\t\t\t\t<\/div>\n\t\t\t\t<div class=\"elementor-element elementor-element-de17496 elementor-position-top elementor-widget elementor-widget-image-box\" data-id=\"de17496\" data-element_type=\"widget\" data-e-type=\"widget\" data-widget_type=\"image-box.default\">\n\t\t\t\t<div class=\"elementor-widget-container\">\n\t\t\t\t\t<div class=\"elementor-image-box-wrapper\"><figure class=\"elementor-image-box-img\"><img decoding=\"async\" src=\"https:\/\/carocandle.fr\/wp-content\/uploads\/elementor\/thumbs\/PAIN-DEPICES-rm2yi1ylirlhaen7zouf5p44krges975iqjsqt4opc.png\" title=\"PAIN D\u2019\u00c9PICES\" alt=\"PAIN D\u2019\u00c9PICES\" class=\"elementor-animation-grow\" loading=\"lazy\" \/><\/figure><div class=\"elementor-image-box-content\"><h3 class=\"elementor-image-box-title\">Pain d\u2019\u00c9pices<\/h3><p class=\"elementor-image-box-description\">Les notes de t\u00eate d'orange, de caramel et de cumin ouvrent sur un c\u0153ur de vanille, de girofle et de miel, avant de se conclure sur des notes chaleureuses de cannelle, de patchouli et de f\u00e8ve tonka, pour une sensation de r\u00e9confort et de festivit\u00e9.<\/p><\/div><\/div>\t\t\t\t<\/div>\n\t\t\t\t<\/div>\n\t\t\t\t<div class=\"elementor-element elementor-element-73ee267 elementor-position-top elementor-widget elementor-widget-image-box\" data-id=\"73ee267\" data-element_type=\"widget\" data-e-type=\"widget\" data-widget_type=\"image-box.default\">\n\t\t\t\t<div class=\"elementor-widget-container\">\n\t\t\t\t\t<div class=\"elementor-image-box-wrapper\"><figure class=\"elementor-image-box-img\"><img decoding=\"async\" src=\"https:\/\/carocandle.fr\/wp-content\/uploads\/elementor\/thumbs\/POMME-CANNELLE-rm2yicatlxzmu487bbbbf4i7401g4xc785q50upcsw.png\" title=\"POMME CANNELLE\" alt=\"POMME CANNELLE\" class=\"elementor-animation-grow\" loading=\"lazy\" \/><\/figure><div class=\"elementor-image-box-content\"><h3 class=\"elementor-image-box-title\">Pomme Cannelle<\/h3><p class=\"elementor-image-box-description\">Les notes de t\u00eate \u00e9pic\u00e9es du cumin flirtent avec la fra\u00eecheur des pommes, offrant un c\u0153ur domin\u00e9 par les notes sucr\u00e9es de la pomme et de la cannelle. En fond, une douce note de vanille vient cl\u00f4turer la douceur d'un apr\u00e8s-midi d'automne.<\/p><\/div><\/div>\t\t\t\t<\/div>\n\t\t\t\t<\/div>\n\t\t\t\t<div class=\"elementor-element elementor-element-4bda052 elementor-position-top elementor-widget elementor-widget-image-box\" data-id=\"4bda052\" data-element_type=\"widget\" data-e-type=\"widget\" data-widget_type=\"image-box.default\">\n\t\t\t\t<div class=\"elementor-widget-container\">\n\t\t\t\t\t<div class=\"elementor-image-box-wrapper\"><figure class=\"elementor-image-box-img\"><img decoding=\"async\" src=\"https:\/\/carocandle.fr\/wp-content\/uploads\/elementor\/thumbs\/SAPIN-DE-NOEL-rm2yilp7iaci27ujsfdl424t1ur49wdilg8ztmbf2o.png\" title=\"SAPIN DE NO\u00cbL\" alt=\"SAPIN DE NO\u00cbL\" class=\"elementor-animation-grow\" loading=\"lazy\" \/><\/figure><div class=\"elementor-image-box-content\"><h3 class=\"elementor-image-box-title\">Sapin de No\u00ebl<\/h3><p class=\"elementor-image-box-description\">Gr\u00e2ce \u00e0 des notes de pin vif et de pomme croquante en d\u00e9but, une senteur authentique de sapin en c\u0153ur, et, des notes de santal et de mousse en fond, cette fragrance \u00e9voque une promenade hivernale en for\u00eat. <\/p><\/div><\/div>\t\t\t\t<\/div>\n\t\t\t\t<\/div>\n\t\t\t\t<div class=\"elementor-element elementor-element-06375af elementor-position-top elementor-widget elementor-widget-image-box\" data-id=\"06375af\" data-element_type=\"widget\" data-e-type=\"widget\" data-widget_type=\"image-box.default\">\n\t\t\t\t<div class=\"elementor-widget-container\">\n\t\t\t\t\t<div class=\"elementor-image-box-wrapper\"><figure class=\"elementor-image-box-img\"><img decoding=\"async\" src=\"https:\/\/carocandle.fr\/wp-content\/uploads\/elementor\/thumbs\/VIN-CHAUD-rm2yiw1flgqnlxfj41uhdhivl3c5mkikavfc3nw368.png\" title=\"VIN CHAUD\" alt=\"VIN CHAUD\" class=\"elementor-animation-grow\" loading=\"lazy\" \/><\/figure><div class=\"elementor-image-box-content\"><h3 class=\"elementor-image-box-title\">Vin Chaud<\/h3><p class=\"elementor-image-box-description\">La note de t\u00eate hesp\u00e9rid\u00e9e se marie d\u00e9licatement \u00e0 des touches de poivre, ouvrant la voie \u00e0 un c\u0153ur \u00e9pic\u00e9, domin\u00e9 par la cannelle et le girofle. En fond, des notes de musc et de bois sec enve-loppent l\u2019ensemble rappelant les soir\u00e9es d\u2019hiver au coin du feu. <\/p><\/div><\/div>\t\t\t\t<\/div>\n\t\t\t\t<\/div>\n\t\t\t\t\t<\/div>\n\t\t\t\t<\/div>\n\t\t\t\t<\/div>\n\t\t","protected":false},"excerpt":{"rendered":"<p>NO\u00cbL retour aux cat\u00e9gories Brioche au Beurre Les notes sucr\u00e9es de brioche chaude se m\u00ealent \u00e0 des accords lact\u00e9s et caram\u00e9lis\u00e9s, soutenues par la douceur r\u00e9confortante de la vanille et [&hellip;]<\/p>\n","protected":false},"author":1,"featured_media":0,"parent":0,"menu_order":0,"comment_status":"closed","ping_status":"closed","template":"","meta":{"footnotes":""},"class_list":["post-2320","page","type-page","status-publish","hentry"],"blocksy_meta":[],"_links":{"self":[{"href":"https:\/\/carocandle.fr\/index.php?rest_route=\/wp\/v2\/pages\/2320","targetHints":{"allow":["GET"]}}],"collection":[{"href":"https:\/\/carocandle.fr\/index.php?rest_route=\/wp\/v2\/pages"}],"about":[{"href":"https:\/\/carocandle.fr\/index.php?rest_route=\/wp\/v2\/types\/page"}],"author":[{"embeddable":true,"href":"https:\/\/carocandle.fr\/index.php?rest_route=\/wp\/v2\/users\/1"}],"replies":[{"embeddable":true,"href":"https:\/\/carocandle.fr\/index.php?rest_route=%2Fwp%2Fv2%2Fcomments&post=2320"}],"version-history":[{"count":0,"href":"https:\/\/carocandle.fr\/index.php?rest_route=\/wp\/v2\/pages\/2320\/revisions"}],"wp:attachment":[{"href":"https:\/\/carocandle.fr\/index.php?rest_route=%2Fwp%2Fv2%2Fmedia&parent=2320"}],"curies":[{"name":"wp","href":"https:\/\/api.w.org\/{rel}","templated":true}]}}