{"id":2285,"date":"2026-01-31T10:08:12","date_gmt":"2026-01-31T09:08:12","guid":{"rendered":"https:\/\/carocandle.fr\/?page_id=2285"},"modified":"2026-02-10T17:30:45","modified_gmt":"2026-02-10T16:30:45","slug":"gourmands","status":"publish","type":"page","link":"https:\/\/carocandle.fr\/?page_id=2285","title":{"rendered":"GOURMANDS"},"content":{"rendered":"\t\t<div data-elementor-type=\"wp-page\" data-elementor-id=\"2285\" class=\"elementor elementor-2285\">\n\t\t\t\t<div class=\"elementor-element elementor-element-b52bc47 e-flex e-con-boxed e-con e-parent\" data-id=\"b52bc47\" data-element_type=\"container\" data-e-type=\"container\">\n\t\t\t\t\t<div class=\"e-con-inner\">\n\t\t\t\t<div class=\"elementor-element elementor-element-c7bb2b5 elementor-widget elementor-widget-heading\" data-id=\"c7bb2b5\" data-element_type=\"widget\" data-e-type=\"widget\" data-widget_type=\"heading.default\">\n\t\t\t\t<div class=\"elementor-widget-container\">\n\t\t\t\t\t<h2 class=\"elementor-heading-title elementor-size-default\">GOURMANDS<\/h2>\t\t\t\t<\/div>\n\t\t\t\t<\/div>\n\t\t\t\t\t<\/div>\n\t\t\t\t<\/div>\n\t\t<div class=\"elementor-element elementor-element-ed2edc3 e-flex e-con-boxed e-con e-parent\" data-id=\"ed2edc3\" data-element_type=\"container\" data-e-type=\"container\">\n\t\t\t\t\t<div class=\"e-con-inner\">\n\t\t\t\t\t<\/div>\n\t\t\t\t<\/div>\n\t\t<div class=\"elementor-element elementor-element-54d2bcc e-flex e-con-boxed e-con e-parent\" data-id=\"54d2bcc\" data-element_type=\"container\" data-e-type=\"container\">\n\t\t\t\t\t<div class=\"e-con-inner\">\n\t\t\t\t<div class=\"elementor-element elementor-element-3f02abc elementor-align-center elementor-widget elementor-widget-button\" data-id=\"3f02abc\" data-element_type=\"widget\" data-e-type=\"widget\" data-widget_type=\"button.default\">\n\t\t\t\t<div class=\"elementor-widget-container\">\n\t\t\t\t\t\t\t\t\t<div class=\"elementor-button-wrapper\">\n\t\t\t\t\t<a class=\"elementor-button elementor-button-link elementor-size-sm\" href=\"https:\/\/carocandle.fr\/?page_id=2254\">\n\t\t\t\t\t\t<span class=\"elementor-button-content-wrapper\">\n\t\t\t\t\t\t\t\t\t<span class=\"elementor-button-text\">retour aux cat\u00e9gories<\/span>\n\t\t\t\t\t<\/span>\n\t\t\t\t\t<\/a>\n\t\t\t\t<\/div>\n\t\t\t\t\t\t\t\t<\/div>\n\t\t\t\t<\/div>\n\t\t\t\t\t<\/div>\n\t\t\t\t<\/div>\n\t\t<div class=\"elementor-element elementor-element-bf17cdf e-flex e-con-boxed e-con e-parent\" data-id=\"bf17cdf\" data-element_type=\"container\" data-e-type=\"container\">\n\t\t\t\t\t<div class=\"e-con-inner\">\n\t\t\t\t\t<\/div>\n\t\t\t\t<\/div>\n\t\t<div class=\"elementor-element elementor-element-2ce54ee e-grid e-con-boxed e-con e-parent\" data-id=\"2ce54ee\" data-element_type=\"container\" data-e-type=\"container\">\n\t\t\t\t\t<div class=\"e-con-inner\">\n\t\t\t\t<div class=\"elementor-element elementor-element-757bdcb elementor-position-top elementor-widget elementor-widget-image-box\" data-id=\"757bdcb\" data-element_type=\"widget\" data-e-type=\"widget\" data-widget_type=\"image-box.default\">\n\t\t\t\t<div class=\"elementor-widget-container\">\n\t\t\t\t\t<div class=\"elementor-image-box-wrapper\"><figure class=\"elementor-image-box-img\"><img decoding=\"async\" src=\"https:\/\/carocandle.fr\/wp-content\/uploads\/elementor\/thumbs\/CALISSON-rm2xs2p6mm16eedqoykmqr4hidi71f28a5fo8hneog.png\" title=\"CALISSON\" alt=\"CALISSON\" class=\"elementor-animation-grow\" loading=\"lazy\" \/><\/figure><div class=\"elementor-image-box-content\"><h3 class=\"elementor-image-box-title\">Calisson<\/h3><p class=\"elementor-image-box-description\">En t\u00eate, un accord frais et fruit\u00e9 m\u00ealant melon juteux et orange douce \u00e9voque le Sud. Le c\u0153ur d\u00e9voile ensuite l\u2019authentique parfum du calisson, avec ses nuances d\u2019amande d\u00e9licate.  Enfin, la vanille et le miel viennent envelopper l\u2019ensemble pour cr\u00e9er une ambiance gourmande.<\/p><\/div><\/div>\t\t\t\t<\/div>\n\t\t\t\t<\/div>\n\t\t\t\t<div class=\"elementor-element elementor-element-fd7ec5c elementor-position-top elementor-widget elementor-widget-image-box\" data-id=\"fd7ec5c\" data-element_type=\"widget\" data-e-type=\"widget\" data-widget_type=\"image-box.default\">\n\t\t\t\t<div class=\"elementor-widget-container\">\n\t\t\t\t\t<div class=\"elementor-image-box-wrapper\"><figure class=\"elementor-image-box-img\"><img decoding=\"async\" src=\"https:\/\/carocandle.fr\/wp-content\/uploads\/elementor\/thumbs\/CAFE-rm2xs9a1yga6no46mjf0q7gpo2lrjascn202lfdngw.png\" title=\"CAF\u00c9\" alt=\"CAF\u00c9\" class=\"elementor-animation-grow\" loading=\"lazy\" \/><\/figure><div class=\"elementor-image-box-content\"><h3 class=\"elementor-image-box-title\">Caf\u00e9<\/h3><p class=\"elementor-image-box-description\">Les accords de r\u00e9glisse initiaux laissent place \u00e0 une harmonie parfaite entre le caf\u00e9 intense et la vanille, avec une touche finale de caramel qui \u00e9voque une boisson gourmande et r\u00e9confortante.<\/p><\/div><\/div>\t\t\t\t<\/div>\n\t\t\t\t<\/div>\n\t\t\t\t<div class=\"elementor-element elementor-element-23fefa9 elementor-position-top elementor-widget elementor-widget-image-box\" data-id=\"23fefa9\" data-element_type=\"widget\" data-e-type=\"widget\" data-widget_type=\"image-box.default\">\n\t\t\t\t<div class=\"elementor-widget-container\">\n\t\t\t\t\t<div class=\"elementor-image-box-wrapper\"><figure class=\"elementor-image-box-img\"><img decoding=\"async\" src=\"https:\/\/carocandle.fr\/wp-content\/uploads\/elementor\/thumbs\/CHOCOLAT-GOURMAND-rm2xsfuxaaj6wxumk49epnsxtrpc16igzykgyd3w9c.png\" title=\"CHOCOLAT GOURMAND\" alt=\"CHOCOLAT GOURMAND\" class=\"elementor-animation-grow\" loading=\"lazy\" \/><\/figure><div class=\"elementor-image-box-content\"><h3 class=\"elementor-image-box-title\">Chocolat Gourmand<\/h3><p class=\"elementor-image-box-description\">Fragrance qui capture toute la richesse et la profondeur du chocolat noir, agr\u00e9ment\u00e9e de touches de lait chaud et de vanille parfaite pour un moment r\u00e9confortant et irr\u00e9sistiblement gourmand.<\/p><\/div><\/div>\t\t\t\t<\/div>\n\t\t\t\t<\/div>\n\t\t\t\t<div class=\"elementor-element elementor-element-d6e85d7 elementor-position-top elementor-widget elementor-widget-image-box\" data-id=\"d6e85d7\" data-element_type=\"widget\" data-e-type=\"widget\" data-widget_type=\"image-box.default\">\n\t\t\t\t<div class=\"elementor-widget-container\">\n\t\t\t\t\t<div class=\"elementor-image-box-wrapper\"><figure class=\"elementor-image-box-img\"><img decoding=\"async\" src=\"https:\/\/carocandle.fr\/wp-content\/uploads\/elementor\/thumbs\/CITRON-MERINGUE-rm2xsmfsm4s767l2hp3sp455zgswj28lcv4vbau51s.png\" title=\"CITRON MERINGU\u00c9\" alt=\"CITRON MERINGU\u00c9\" class=\"elementor-animation-grow\" loading=\"lazy\" \/><\/figure><div class=\"elementor-image-box-content\"><h3 class=\"elementor-image-box-title\">Citron Meringu\u00e9<\/h3><p class=\"elementor-image-box-description\">Cette fragrance citronn\u00e9e et gourmande s\u2019ouvre sur des notes d\u2019agrumes p\u00e9tillantes, r\u00e9v\u00e8le un c\u0153ur acidul\u00e9 de citron et de meringue, puis se pose sur une base douce et sucr\u00e9e de vanille pour une ambiance chaleureuse et r\u00e9confortante. <\/p><\/div><\/div>\t\t\t\t<\/div>\n\t\t\t\t<\/div>\n\t\t\t\t<div class=\"elementor-element elementor-element-f4bdf8b elementor-position-top elementor-widget elementor-widget-image-box\" data-id=\"f4bdf8b\" data-element_type=\"widget\" data-e-type=\"widget\" data-widget_type=\"image-box.default\">\n\t\t\t\t<div class=\"elementor-widget-container\">\n\t\t\t\t\t<div class=\"elementor-image-box-wrapper\"><figure class=\"elementor-image-box-img\"><img decoding=\"async\" src=\"https:\/\/carocandle.fr\/wp-content\/uploads\/elementor\/thumbs\/FLEUR-DORANGER-rm2xsr4zkayms9e8q94xjkygye5qljr91ieapon66o.png\" title=\"FLEUR D\u2019ORANGER\" alt=\"FLEUR D\u2019ORANGER\" class=\"elementor-animation-grow\" loading=\"lazy\" \/><\/figure><div class=\"elementor-image-box-content\"><h3 class=\"elementor-image-box-title\">Fleur d\u2019Oranger<\/h3><p class=\"elementor-image-box-description\">Ce parfum d\u00e9voile en premi\u00e8re note un petitgrain p\u00e9tillant, qui s'ouvre ensuite sur un c\u0153ur floral o\u00f9 l'oranger est mis en lumi\u00e8re, avant de s'arr\u00eater sur une base douce et r\u00e9confortante de f\u00e8ve tonka.<\/p><\/div><\/div>\t\t\t\t<\/div>\n\t\t\t\t<\/div>\n\t\t\t\t<div class=\"elementor-element elementor-element-643717b elementor-position-top elementor-widget elementor-widget-image-box\" data-id=\"643717b\" data-element_type=\"widget\" data-e-type=\"widget\" data-widget_type=\"image-box.default\">\n\t\t\t\t<div class=\"elementor-widget-container\">\n\t\t\t\t\t<div class=\"elementor-image-box-wrapper\"><figure class=\"elementor-image-box-img\"><img decoding=\"async\" src=\"https:\/\/carocandle.fr\/wp-content\/uploads\/elementor\/thumbs\/madeleine-gourmande-rm4rs8tffatvzav1j2mgy4vae9nzg2aib3lws2h98w.png\" title=\"madeleine gourmande\" alt=\"madeleine gourmande\" class=\"elementor-animation-grow\" loading=\"lazy\" \/><\/figure><div class=\"elementor-image-box-content\"><h3 class=\"elementor-image-box-title\">Madeleine Gourmande<\/h3><p class=\"elementor-image-box-description\">Ce parfum propose une ouverture lact\u00e9e et pralin\u00e9e, suivie d\u2019un c\u0153ur riche en noix de coco et beurre, et, en fond, la vanille cr\u00e9e une douceur pour une ambiance p\u00e2tissi\u00e8re. <\/p><\/div><\/div>\t\t\t\t<\/div>\n\t\t\t\t<\/div>\n\t\t\t\t<div class=\"elementor-element elementor-element-1d9f240 elementor-position-top elementor-widget elementor-widget-image-box\" data-id=\"1d9f240\" data-element_type=\"widget\" data-e-type=\"widget\" data-widget_type=\"image-box.default\">\n\t\t\t\t<div class=\"elementor-widget-container\">\n\t\t\t\t\t<div class=\"elementor-image-box-wrapper\"><figure class=\"elementor-image-box-img\"><img decoding=\"async\" src=\"https:\/\/carocandle.fr\/wp-content\/uploads\/elementor\/thumbs\/MACARON-VANILLE-rm2xt2f1ube2nkxuwe0gdi4030m55x013284h06g40.png\" title=\"MACARON VANILLE\" alt=\"MACARON VANILLE\" class=\"elementor-animation-grow\" loading=\"lazy\" \/><\/figure><div class=\"elementor-image-box-content\"><h3 class=\"elementor-image-box-title\">Macaron Vanille<\/h3><p class=\"elementor-image-box-description\">Cette fragrance gourmande s\u2019ouvre sur une note de coco exquise, suivie d\u2019un c\u0153ur fondant de vanille et d\u2019amande rappelant les c\u00e9l\u00e8bres macarons fran\u00e7ais. En fond, le caramel vient envelop-per l\u2019ensemble d\u2019une douceur irr\u00e9sistiblement sucr\u00e9e.<\/p><\/div><\/div>\t\t\t\t<\/div>\n\t\t\t\t<\/div>\n\t\t\t\t<div class=\"elementor-element elementor-element-99595f8 elementor-position-top elementor-widget elementor-widget-image-box\" data-id=\"99595f8\" data-element_type=\"widget\" data-e-type=\"widget\" data-widget_type=\"image-box.default\">\n\t\t\t\t<div class=\"elementor-widget-container\">\n\t\t\t\t\t<div class=\"elementor-image-box-wrapper\"><figure class=\"elementor-image-box-img\"><img decoding=\"async\" src=\"https:\/\/carocandle.fr\/wp-content\/uploads\/elementor\/thumbs\/MACARON-FRAMBOISE-rm2xt8zx65n2wuoatyuucyg88pppnsq5fysitxwowg.png\" title=\"MACARON FRAMBOISE\" alt=\"MACARON FRAMBOISE\" class=\"elementor-animation-grow\" loading=\"lazy\" \/><\/figure><div class=\"elementor-image-box-content\"><h3 class=\"elementor-image-box-title\">Macaron Framboise<\/h3><p class=\"elementor-image-box-description\">Cette fragrance gourmande s\u2019ouvre sur des notes de cassis et de p\u00e9pins de framboise, d\u00e9voile un c\u0153ur d\u00e9licieusement sucr\u00e9 de framboise, de rose et d\u2019accord macaron, puis s\u2019installe sur un fond fruit\u00e9 et sucr\u00e9 de m\u00fbre, de fraise et de sucre.<\/p><\/div><\/div>\t\t\t\t<\/div>\n\t\t\t\t<\/div>\n\t\t\t\t<div class=\"elementor-element elementor-element-b26b308 elementor-position-top elementor-widget elementor-widget-image-box\" data-id=\"b26b308\" data-element_type=\"widget\" data-e-type=\"widget\" data-widget_type=\"image-box.default\">\n\t\t\t\t<div class=\"elementor-widget-container\">\n\t\t\t\t\t<div class=\"elementor-image-box-wrapper\"><figure class=\"elementor-image-box-img\"><img decoding=\"async\" src=\"https:\/\/carocandle.fr\/wp-content\/uploads\/elementor\/thumbs\/MENTHE-CHOCOLAT-rm2xtdp44btiiwhh2ivz7f9j7n2jqa8t4m1y8bpq1c.png\" title=\"MENTHE CHOCOLAT\" alt=\"MENTHE CHOCOLAT\" class=\"elementor-animation-grow\" loading=\"lazy\" \/><\/figure><div class=\"elementor-image-box-content\"><h3 class=\"elementor-image-box-title\">Menthe Chocolat<\/h3><p class=\"elementor-image-box-description\">Cette fragrance gourmande associe la fra\u00eecheur vivifiante de la menthe \u00e0 la richesse du chocolat. En c\u0153ur, ces deux notes se r\u00e9pondent en parfaite harmonie, puis se fondent dans une base enveloppante de chocolat, de vanille et de miel, cr\u00e9ant une ambiance chaleureuse et r\u00e9confortante. <\/p><\/div><\/div>\t\t\t\t<\/div>\n\t\t\t\t<\/div>\n\t\t\t\t<div class=\"elementor-element elementor-element-3e0bf8b elementor-position-top elementor-widget elementor-widget-image-box\" data-id=\"3e0bf8b\" data-element_type=\"widget\" data-e-type=\"widget\" data-widget_type=\"image-box.default\">\n\t\t\t\t<div class=\"elementor-widget-container\">\n\t\t\t\t\t<div class=\"elementor-image-box-wrapper\"><figure class=\"elementor-image-box-img\"><img decoding=\"async\" src=\"https:\/\/carocandle.fr\/wp-content\/uploads\/elementor\/thumbs\/MIEL-rm2xtjc59c18gk9a5lbqmduaryar0gv75dyv3zhd00.png\" title=\"MIEL\" alt=\"MIEL\" class=\"elementor-animation-grow\" loading=\"lazy\" \/><\/figure><div class=\"elementor-image-box-content\"><h3 class=\"elementor-image-box-title\">Miel<\/h3><p class=\"elementor-image-box-description\">La chaleur du miel rencontre la gourmandise florale de la fleur d'oranger. Des nuances d\u00e9licieuses de vanille s\u2019entrelacent pour cr\u00e9er une fragrance douce et r\u00e9confortante.<\/p><\/div><\/div>\t\t\t\t<\/div>\n\t\t\t\t<\/div>\n\t\t\t\t<div class=\"elementor-element elementor-element-0a3f3b9 elementor-position-top elementor-widget elementor-widget-image-box\" data-id=\"0a3f3b9\" data-element_type=\"widget\" data-e-type=\"widget\" data-widget_type=\"image-box.default\">\n\t\t\t\t<div class=\"elementor-widget-container\">\n\t\t\t\t\t<div class=\"elementor-image-box-wrapper\"><figure class=\"elementor-image-box-img\"><img decoding=\"async\" src=\"https:\/\/carocandle.fr\/wp-content\/uploads\/elementor\/thumbs\/Noix-et-miel-rm2xtvk1q6hynhrj68lw0srahymisj7pj2g6ckz8r4.png\" title=\"Noix et miel\" alt=\"Noix et miel\" class=\"elementor-animation-grow\" loading=\"lazy\" \/><\/figure><div class=\"elementor-image-box-content\"><h3 class=\"elementor-image-box-title\">Noix et miel<\/h3><p class=\"elementor-image-box-description\">: L\u2019ouverture cocooning de noix de coco r\u00e9v\u00e8le un c\u0153ur gourmand de noix et de miel, avant de se cl\u00f4turer sur une note chaleureuse et r\u00e9confortante de vanille. <\/p><\/div><\/div>\t\t\t\t<\/div>\n\t\t\t\t<\/div>\n\t\t\t\t<div class=\"elementor-element elementor-element-8242828 elementor-position-top elementor-widget elementor-widget-image-box\" data-id=\"8242828\" data-element_type=\"widget\" data-e-type=\"widget\" data-widget_type=\"image-box.default\">\n\t\t\t\t<div class=\"elementor-widget-container\">\n\t\t\t\t\t<div class=\"elementor-image-box-wrapper\"><figure class=\"elementor-image-box-img\"><img decoding=\"async\" src=\"https:\/\/carocandle.fr\/wp-content\/uploads\/elementor\/thumbs\/NOUGAT-rm2xtpx0l6a8ptzq3664lu6ixnebiclbiaj9gx7lsg.png\" title=\"NOUGAT\" alt=\"NOUGAT\" class=\"elementor-animation-grow\" loading=\"lazy\" \/><\/figure><div class=\"elementor-image-box-content\"><h3 class=\"elementor-image-box-title\">Nougat<\/h3><p class=\"elementor-image-box-description\">L'ouverture de miel m\u00e8ne \u00e0 un c\u0153ur fondant de nougat, se terminant sur une base enivrante de vanille, pour une \u00e9vasion gourmande dans une confiserie proven\u00e7ale.<\/p><\/div><\/div>\t\t\t\t<\/div>\n\t\t\t\t<\/div>\n\t\t\t\t<div class=\"elementor-element elementor-element-5a9f67b elementor-position-top elementor-widget elementor-widget-image-box\" data-id=\"5a9f67b\" data-element_type=\"widget\" data-e-type=\"widget\" data-widget_type=\"image-box.default\">\n\t\t\t\t<div class=\"elementor-widget-container\">\n\t\t\t\t\t<div class=\"elementor-image-box-wrapper\"><figure class=\"elementor-image-box-img\"><img decoding=\"async\" src=\"https:\/\/carocandle.fr\/wp-content\/uploads\/elementor\/thumbs\/PATCHOULI-POIVRE-rm2xu40lfotjjzf8su9j58mfufgtpt5ak8bjo2mp74.png\" title=\"PATCHOULI POIVR\u00c9\" alt=\"PATCHOULI POIVR\u00c9\" class=\"elementor-animation-grow\" loading=\"lazy\" \/><\/figure><div class=\"elementor-image-box-content\"><h3 class=\"elementor-image-box-title\">Patchouli Poivr\u00e9<\/h3><p class=\"elementor-image-box-description\">Les notes de t\u00eate de cannelle et de cumin r\u00e9v\u00e8lent une facette audacieuse et piquante. Le c\u0153ur d\u00e9voile un accord profond de patchouli et de poivre\u2026 les notes de fond de c\u00e8dre et de f\u00e8ve tonka laissent un sillage bois\u00e9, \u00e9voquant une atmosph\u00e8re orientale myst\u00e9rieuse.<\/p><\/div><\/div>\t\t\t\t<\/div>\n\t\t\t\t<\/div>\n\t\t\t\t<div class=\"elementor-element elementor-element-3684a14 elementor-position-top elementor-widget elementor-widget-image-box\" data-id=\"3684a14\" data-element_type=\"widget\" data-e-type=\"widget\" data-widget_type=\"image-box.default\">\n\t\t\t\t<div class=\"elementor-widget-container\">\n\t\t\t\t\t<div class=\"elementor-image-box-wrapper\"><figure class=\"elementor-image-box-img\"><img decoding=\"async\" src=\"https:\/\/carocandle.fr\/wp-content\/uploads\/elementor\/thumbs\/POMME-DAMOUR-rm2xuch55754gh2yffx69ohl6wb4n32vle6wzka5n4.png\" title=\"POMME D\u2019AMOUR\" alt=\"POMME D\u2019AMOUR\" class=\"elementor-animation-grow\" loading=\"lazy\" \/><\/figure><div class=\"elementor-image-box-content\"><h3 class=\"elementor-image-box-title\">Pomme d\u2019Amour<\/h3><p class=\"elementor-image-box-description\">D\u00e8s les premi\u00e8res effluves, les notes fruit\u00e9es et sucr\u00e9es de fraise et de p\u00eache cr\u00e9ent une am-biance chaleureuse. Le c\u0153ur d\u00e9voile l'alliance parfaite entre la pomme croquante et le caramel fondant ; et, enfin, les notes de fond de musc et de vanille sont une invitation \u00e0 la nostalgie des f\u00eates foraines.<\/p><\/div><\/div>\t\t\t\t<\/div>\n\t\t\t\t<\/div>\n\t\t\t\t<div class=\"elementor-element elementor-element-f6cd5e7 elementor-position-top elementor-widget elementor-widget-image-box\" data-id=\"f6cd5e7\" data-element_type=\"widget\" data-e-type=\"widget\" data-widget_type=\"image-box.default\">\n\t\t\t\t<div class=\"elementor-widget-container\">\n\t\t\t\t\t<div class=\"elementor-image-box-wrapper\"><figure class=\"elementor-image-box-img\"><img decoding=\"async\" src=\"https:\/\/carocandle.fr\/wp-content\/uploads\/elementor\/thumbs\/Poudre-de-perlimpinpin-rm4rsfear52w8klhgnguxl7ijyrjxy0mo06b507i1c.png\" title=\"Poudre de perlimpinpin\" alt=\"Poudre de perlimpinpin\" class=\"elementor-animation-grow\" loading=\"lazy\" \/><\/figure><div class=\"elementor-image-box-content\"><h3 class=\"elementor-image-box-title\">Poudre de Perlimpinpin<\/h3><p class=\"elementor-image-box-description\">Un univers f\u00e9erique de douceur, o\u00f9 la fraise sucr\u00e9e s\u2019entrelace \u00e0 la d\u00e9licatesse de la fleur d\u2019oranger. Le c\u0153ur r\u00e9v\u00e8le un nuage de barbe \u00e0 papa, avant de s\u2019abandonner \u00e0 un fond fondant de vanille et de caramel, comme une invitation \u00e0 retomber en enfance. <\/p><\/div><\/div>\t\t\t\t<\/div>\n\t\t\t\t<\/div>\n\t\t\t\t<div class=\"elementor-element elementor-element-b6f96ec elementor-position-top elementor-widget elementor-widget-image-box\" data-id=\"b6f96ec\" data-element_type=\"widget\" data-e-type=\"widget\" data-widget_type=\"image-box.default\">\n\t\t\t\t<div class=\"elementor-widget-container\">\n\t\t\t\t\t<div class=\"elementor-image-box-wrapper\"><figure class=\"elementor-image-box-img\"><img decoding=\"async\" src=\"https:\/\/carocandle.fr\/wp-content\/uploads\/elementor\/thumbs\/REGLISSE-rm2xuv9wxvuuwobndo1pnjqt2lqgx15ibz8ml3ia6o.png\" title=\"R\u00c9GLISSE\" alt=\"R\u00c9GLISSE\" class=\"elementor-animation-grow\" loading=\"lazy\" \/><\/figure><div class=\"elementor-image-box-content\"><h3 class=\"elementor-image-box-title\">R\u00e9glisse<\/h3><p class=\"elementor-image-box-description\">Cette fragrance \u00e9voque les douceurs de l\u2019enfance, o\u00f9 les notes gourmandes de coco s\u2019entrelacent \u00e0 un accord sucr\u00e9 r\u00e9confortant. En c\u0153ur, la r\u00e9glisse d\u00e9voile son caract\u00e8re l\u00e9g\u00e8rement acidul\u00e9, avant de s\u2019\u00e9panouir sur un fond chaleureux de vanille et de caramel. <\/p><\/div><\/div>\t\t\t\t<\/div>\n\t\t\t\t<\/div>\n\t\t\t\t<div class=\"elementor-element elementor-element-ebe5d74 elementor-position-top elementor-widget elementor-widget-image-box\" data-id=\"ebe5d74\" data-element_type=\"widget\" data-e-type=\"widget\" data-widget_type=\"image-box.default\">\n\t\t\t\t<div class=\"elementor-widget-container\">\n\t\t\t\t\t<div class=\"elementor-image-box-wrapper\"><figure class=\"elementor-image-box-img\"><img decoding=\"async\" src=\"https:\/\/carocandle.fr\/wp-content\/uploads\/elementor\/thumbs\/ROCHER-PRALINE-rm2xv0wy2w2kuc3ggqhh2ibkmwyo77rwcr5jgr9x5c.png\" title=\"ROCHER PRALIN\u00c9\" alt=\"ROCHER PRALIN\u00c9\" class=\"elementor-animation-grow\" loading=\"lazy\" \/><\/figure><div class=\"elementor-image-box-content\"><h3 class=\"elementor-image-box-title\">Rocher Pralin\u00e9<\/h3><p class=\"elementor-image-box-description\">Univers gourmand o\u00f9 l\u2019amande douce ouvre la danse, avant de laisser place \u00e0 un c\u0153ur fondant de pralin\u00e9 et de chocolat. En fond, la vanille cr\u00e9er comme une parenth\u00e8se sucr\u00e9e et r\u00e9confortante. <\/p><\/div><\/div>\t\t\t\t<\/div>\n\t\t\t\t<\/div>\n\t\t\t\t<div class=\"elementor-element elementor-element-f117987 elementor-position-top elementor-widget elementor-widget-image-box\" data-id=\"f117987\" data-element_type=\"widget\" data-e-type=\"widget\" data-widget_type=\"image-box.default\">\n\t\t\t\t<div class=\"elementor-widget-container\">\n\t\t\t\t\t<div class=\"elementor-image-box-wrapper\"><figure class=\"elementor-image-box-img\"><img decoding=\"async\" src=\"https:\/\/carocandle.fr\/wp-content\/uploads\/elementor\/thumbs\/SPECULOS-rm2xvb9662gqe1ofscydbxpn65jpjvwy26bvqsul8w.png\" title=\"SP\u00c9CULOS\" alt=\"SP\u00c9CULOS\" class=\"elementor-animation-grow\" loading=\"lazy\" \/><\/figure><div class=\"elementor-image-box-content\"><h3 class=\"elementor-image-box-title\">Sp\u00e9culoos<\/h3><p class=\"elementor-image-box-description\">: Cette fragrance s'ouvre sur des notes de gingembre, cardamome et cumin, menant \u00e0 un c\u0153ur combinant vanille, cannelle et clou de girofle. Le fond, riche en nuances de noix de coco, de sucre roux et d'amande, \u00e9voque la douceur des biscuits sortis du four.<\/p><\/div><\/div>\t\t\t\t<\/div>\n\t\t\t\t<\/div>\n\t\t\t\t<div class=\"elementor-element elementor-element-6ed7a1a elementor-position-top elementor-widget elementor-widget-image-box\" data-id=\"6ed7a1a\" data-element_type=\"widget\" data-e-type=\"widget\" data-widget_type=\"image-box.default\">\n\t\t\t\t<div class=\"elementor-widget-container\">\n\t\t\t\t\t<div class=\"elementor-image-box-wrapper\"><figure class=\"elementor-image-box-img\"><img decoding=\"async\" src=\"https:\/\/carocandle.fr\/wp-content\/uploads\/elementor\/thumbs\/VANILLE-rm2xvuzs5l7r5uvrl3hjaaqbn8uf1j3b4w12tm1bm8.png\" title=\"VANILLE\" alt=\"VANILLE\" class=\"elementor-animation-grow\" loading=\"lazy\" \/><\/figure><div class=\"elementor-image-box-content\"><h3 class=\"elementor-image-box-title\">Vanille<\/h3><p class=\"elementor-image-box-description\">Une symphonie gourmande qui commence sur des notes l\u00e9g\u00e8res d'aub\u00e9pine d\u00e9voilant un c\u0153ur vanille qui r\u00e8gne en ma\u00eetre, et un final, riche de nuances de caramel. <\/p><\/div><\/div>\t\t\t\t<\/div>\n\t\t\t\t<\/div>\n\t\t\t\t\t<\/div>\n\t\t\t\t<\/div>\n\t\t\t\t<\/div>\n\t\t","protected":false},"excerpt":{"rendered":"<p>GOURMANDS retour aux cat\u00e9gories Calisson En t\u00eate, un accord frais et fruit\u00e9 m\u00ealant melon juteux et orange douce \u00e9voque le Sud. Le c\u0153ur d\u00e9voile ensuite l\u2019authentique parfum du calisson, avec [&hellip;]<\/p>\n","protected":false},"author":1,"featured_media":0,"parent":0,"menu_order":0,"comment_status":"closed","ping_status":"closed","template":"","meta":{"footnotes":""},"class_list":["post-2285","page","type-page","status-publish","hentry"],"blocksy_meta":[],"_links":{"self":[{"href":"https:\/\/carocandle.fr\/index.php?rest_route=\/wp\/v2\/pages\/2285","targetHints":{"allow":["GET"]}}],"collection":[{"href":"https:\/\/carocandle.fr\/index.php?rest_route=\/wp\/v2\/pages"}],"about":[{"href":"https:\/\/carocandle.fr\/index.php?rest_route=\/wp\/v2\/types\/page"}],"author":[{"embeddable":true,"href":"https:\/\/carocandle.fr\/index.php?rest_route=\/wp\/v2\/users\/1"}],"replies":[{"embeddable":true,"href":"https:\/\/carocandle.fr\/index.php?rest_route=%2Fwp%2Fv2%2Fcomments&post=2285"}],"version-history":[{"count":0,"href":"https:\/\/carocandle.fr\/index.php?rest_route=\/wp\/v2\/pages\/2285\/revisions"}],"wp:attachment":[{"href":"https:\/\/carocandle.fr\/index.php?rest_route=%2Fwp%2Fv2%2Fmedia&parent=2285"}],"curies":[{"name":"wp","href":"https:\/\/api.w.org\/{rel}","templated":true}]}}