{"id":2270,"date":"2026-01-31T09:40:40","date_gmt":"2026-01-31T08:40:40","guid":{"rendered":"https:\/\/carocandle.fr\/?page_id=2270"},"modified":"2026-02-10T17:12:56","modified_gmt":"2026-02-10T16:12:56","slug":"fruites","status":"publish","type":"page","link":"https:\/\/carocandle.fr\/?page_id=2270","title":{"rendered":"FRUIT\u00c9S"},"content":{"rendered":"\t\t<div data-elementor-type=\"wp-page\" data-elementor-id=\"2270\" class=\"elementor elementor-2270\">\n\t\t\t\t<div class=\"elementor-element elementor-element-b572e2b e-flex e-con-boxed e-con e-parent\" data-id=\"b572e2b\" data-element_type=\"container\" data-e-type=\"container\">\n\t\t\t\t\t<div class=\"e-con-inner\">\n\t\t\t\t<div class=\"elementor-element elementor-element-d0674f5 elementor-widget elementor-widget-heading\" data-id=\"d0674f5\" data-element_type=\"widget\" data-e-type=\"widget\" data-widget_type=\"heading.default\">\n\t\t\t\t<div class=\"elementor-widget-container\">\n\t\t\t\t\t<h2 class=\"elementor-heading-title elementor-size-default\">FRUIT\u00c9S<\/h2>\t\t\t\t<\/div>\n\t\t\t\t<\/div>\n\t\t\t\t\t<\/div>\n\t\t\t\t<\/div>\n\t\t<div class=\"elementor-element elementor-element-547961c e-flex e-con-boxed e-con e-parent\" data-id=\"547961c\" data-element_type=\"container\" data-e-type=\"container\">\n\t\t\t\t\t<div class=\"e-con-inner\">\n\t\t\t\t\t<\/div>\n\t\t\t\t<\/div>\n\t\t<div class=\"elementor-element elementor-element-11f53da e-flex e-con-boxed e-con e-parent\" data-id=\"11f53da\" data-element_type=\"container\" data-e-type=\"container\">\n\t\t\t\t\t<div class=\"e-con-inner\">\n\t\t\t\t<div class=\"elementor-element elementor-element-25a3ffe elementor-align-center elementor-widget elementor-widget-button\" data-id=\"25a3ffe\" data-element_type=\"widget\" data-e-type=\"widget\" data-widget_type=\"button.default\">\n\t\t\t\t<div class=\"elementor-widget-container\">\n\t\t\t\t\t\t\t\t\t<div class=\"elementor-button-wrapper\">\n\t\t\t\t\t<a class=\"elementor-button elementor-button-link elementor-size-sm\" href=\"https:\/\/carocandle.fr\/?page_id=2254\">\n\t\t\t\t\t\t<span class=\"elementor-button-content-wrapper\">\n\t\t\t\t\t\t\t\t\t<span class=\"elementor-button-text\">retour aux cat\u00e9gories<\/span>\n\t\t\t\t\t<\/span>\n\t\t\t\t\t<\/a>\n\t\t\t\t<\/div>\n\t\t\t\t\t\t\t\t<\/div>\n\t\t\t\t<\/div>\n\t\t\t\t\t<\/div>\n\t\t\t\t<\/div>\n\t\t<div class=\"elementor-element elementor-element-500084d e-flex e-con-boxed e-con e-parent\" data-id=\"500084d\" data-element_type=\"container\" data-e-type=\"container\">\n\t\t\t\t\t<div class=\"e-con-inner\">\n\t\t\t\t\t<\/div>\n\t\t\t\t<\/div>\n\t\t<div class=\"elementor-element elementor-element-2546039 e-grid e-con-boxed e-con e-parent\" data-id=\"2546039\" data-element_type=\"container\" data-e-type=\"container\">\n\t\t\t\t\t<div class=\"e-con-inner\">\n\t\t\t\t<div class=\"elementor-element elementor-element-8dcf2cf elementor-position-top elementor-widget elementor-widget-image-box\" data-id=\"8dcf2cf\" data-element_type=\"widget\" data-e-type=\"widget\" data-widget_type=\"image-box.default\">\n\t\t\t\t<div class=\"elementor-widget-container\">\n\t\t\t\t\t<div class=\"elementor-image-box-wrapper\"><figure class=\"elementor-image-box-img\"><img decoding=\"async\" src=\"https:\/\/carocandle.fr\/wp-content\/uploads\/elementor\/thumbs\/AGRUMES-rm300nf4hcc1n1ca6sfbhf4ypgcwvcxw0yo38e6hao.png\" title=\"AGR\u00dbMES\" alt=\"AGR\u00dbMES\" class=\"elementor-animation-grow\" loading=\"lazy\" \/><\/figure><div class=\"elementor-image-box-content\"><h3 class=\"elementor-image-box-title\">Agr\u00fbmes<\/h3><p class=\"elementor-image-box-description\">L'eucalyptus piquant se marie harmonieusement avec les notes lumineuses d'orange et de citron vert, le tout sur une toile de fond rafra\u00eechissante de citronnelle, \u00e9voquant une matin\u00e9e ensoleil-l\u00e9e dans un jardin d'agrumes florissant. <\/p><\/div><\/div>\t\t\t\t<\/div>\n\t\t\t\t<\/div>\n\t\t\t\t<div class=\"elementor-element elementor-element-e4ed55a elementor-position-top elementor-widget elementor-widget-image-box\" data-id=\"e4ed55a\" data-element_type=\"widget\" data-e-type=\"widget\" data-widget_type=\"image-box.default\">\n\t\t\t\t<div class=\"elementor-widget-container\">\n\t\t\t\t\t<div class=\"elementor-image-box-wrapper\"><figure class=\"elementor-image-box-img\"><img decoding=\"async\" src=\"https:\/\/carocandle.fr\/wp-content\/uploads\/elementor\/thumbs\/ANANAS-rm30167wa11s38kz50juvae6l5s95b0irjpstxelu8.png\" title=\"ANANAS\" alt=\"ANANAS\" class=\"elementor-animation-grow\" loading=\"lazy\" \/><\/figure><div class=\"elementor-image-box-content\"><h3 class=\"elementor-image-box-title\">Ananas<\/h3><p class=\"elementor-image-box-description\">Cette fragrance fruit\u00e9e r\u00e9v\u00e8le toute la gourmandise des notes juteuses et sucr\u00e9es de l\u2019ananas, pour une ambiance fra\u00eeche et exotique apportant une touche de soleil et d\u2019\u00e9vasion.  <\/p><\/div><\/div>\t\t\t\t<\/div>\n\t\t\t\t<\/div>\n\t\t\t\t<div class=\"elementor-element elementor-element-2620faf elementor-position-top elementor-widget elementor-widget-image-box\" data-id=\"2620faf\" data-element_type=\"widget\" data-e-type=\"widget\" data-widget_type=\"image-box.default\">\n\t\t\t\t<div class=\"elementor-widget-container\">\n\t\t\t\t\t<div class=\"elementor-image-box-wrapper\"><figure class=\"elementor-image-box-img\"><img decoding=\"async\" src=\"https:\/\/carocandle.fr\/wp-content\/uploads\/elementor\/thumbs\/cerise-noire-explosive-rm4rs36eaam61n38g06pj6aityfs5vo4abozwepma8.png\" title=\"cerise noire explosive\" alt=\"cerise noire explosive\" class=\"elementor-animation-grow\" loading=\"lazy\" \/><\/figure><div class=\"elementor-image-box-content\"><h3 class=\"elementor-image-box-title\">Cerise Noire Explosive<\/h3><p class=\"elementor-image-box-description\">Un parfum dynamique qui encapsule la douceur de l'amande et de la frangipane en t\u00eate s'ouvrant sur un c\u0153ur juteux de cerise, soutenu par une base vanill\u00e9e, ajoutant une touche gourmande \u00e0 cette exp\u00e9rience olfactive explosive. <\/p><\/div><\/div>\t\t\t\t<\/div>\n\t\t\t\t<\/div>\n\t\t\t\t<div class=\"elementor-element elementor-element-248ec1e elementor-position-top elementor-widget elementor-widget-image-box\" data-id=\"248ec1e\" data-element_type=\"widget\" data-e-type=\"widget\" data-widget_type=\"image-box.default\">\n\t\t\t\t<div class=\"elementor-widget-container\">\n\t\t\t\t\t<div class=\"elementor-image-box-wrapper\"><figure class=\"elementor-image-box-img\"><img decoding=\"async\" src=\"https:\/\/carocandle.fr\/wp-content\/uploads\/elementor\/thumbs\/FRAISE-DES-BOIS-righ6bf02hbtvj9b1o3g0fpzna93r72zwy4vlkxdlc.png\" title=\"FRAISE DES BOIS\" alt=\"FRAISE DES BOIS\" class=\"elementor-animation-grow\" loading=\"lazy\" \/><\/figure><div class=\"elementor-image-box-content\"><h3 class=\"elementor-image-box-title\">Fraise des Bois<\/h3><p class=\"elementor-image-box-description\">Ce parfum gourmand et vert, s'ouvre sur des accords frais de verdure et de citron, menant \u00e0 un c\u0153ur juteux de fraise, et concluant sur une note sucr\u00e9e et gourmande.<\/p><\/div><\/div>\t\t\t\t<\/div>\n\t\t\t\t<\/div>\n\t\t\t\t<div class=\"elementor-element elementor-element-7cca3c5 elementor-position-top elementor-widget elementor-widget-image-box\" data-id=\"7cca3c5\" data-element_type=\"widget\" data-e-type=\"widget\" data-widget_type=\"image-box.default\">\n\t\t\t\t<div class=\"elementor-widget-container\">\n\t\t\t\t\t<div class=\"elementor-image-box-wrapper\"><figure class=\"elementor-image-box-img\"><img decoding=\"async\" src=\"https:\/\/carocandle.fr\/wp-content\/uploads\/elementor\/thumbs\/FRAMBOISE-CITRON-rm2xr4uzskqusfqw6jy28znw4i4zcbbw5hy6yj1kwg.png\" title=\"FRAMBOISE CITRON\" alt=\"FRAMBOISE CITRON\" class=\"elementor-animation-grow\" loading=\"lazy\" \/><\/figure><div class=\"elementor-image-box-content\"><h3 class=\"elementor-image-box-title\">Framboise \/ Citron<\/h3><p class=\"elementor-image-box-description\"> En t\u00eate, se m\u00ealent la framboise fra\u00eeche, le citron \u00e9clatant et la fraise fondante, pour une ouver-ture p\u00e9tillante.  Au c\u0153ur, la framboise s\u2019intensifie, rehauss\u00e9e par le zeste de citron, tandis que l\u2019orange douce apporte une rondeur l\u00e9g\u00e8rement confite.  En fond, la vanille cr\u00e9meuse et le cara-mel fondant enrobent la framboise d\u2019un voile gourmand et r\u00e9confortant. <\/p><\/div><\/div>\t\t\t\t<\/div>\n\t\t\t\t<\/div>\n\t\t\t\t<div class=\"elementor-element elementor-element-2bde0cb elementor-position-top elementor-widget elementor-widget-image-box\" data-id=\"2bde0cb\" data-element_type=\"widget\" data-e-type=\"widget\" data-widget_type=\"image-box.default\">\n\t\t\t\t<div class=\"elementor-widget-container\">\n\t\t\t\t\t<div class=\"elementor-image-box-wrapper\"><figure class=\"elementor-image-box-img\"><img decoding=\"async\" src=\"https:\/\/carocandle.fr\/wp-content\/uploads\/elementor\/thumbs\/FRUIT-PASSION-rm2xqweg32f9vy36jyaf4jsqs1aof1eb4c2tn1e4gg.png\" title=\"FRUIT PASSION\" alt=\"FRUIT PASSION\" class=\"elementor-animation-grow\" loading=\"lazy\" \/><\/figure><div class=\"elementor-image-box-content\"><h3 class=\"elementor-image-box-title\">Fruit Passion<\/h3><p class=\"elementor-image-box-description\">Les notes juteuses de la p\u00eache et des fruits rouges en t\u00eate, suivi de nuances d\u00e9licates de fruit de la passion en son c\u0153ur, et en fin, les notes de fond de violette et de noix de coco cr\u00e9ent une har-monie fruit\u00e9e exceptionnelle. <\/p><\/div><\/div>\t\t\t\t<\/div>\n\t\t\t\t<\/div>\n\t\t\t\t<div class=\"elementor-element elementor-element-3d73baf elementor-position-top elementor-widget elementor-widget-image-box\" data-id=\"3d73baf\" data-element_type=\"widget\" data-e-type=\"widget\" data-widget_type=\"image-box.default\">\n\t\t\t\t<div class=\"elementor-widget-container\">\n\t\t\t\t\t<div class=\"elementor-image-box-wrapper\"><figure class=\"elementor-image-box-img\"><img decoding=\"async\" src=\"https:\/\/carocandle.fr\/wp-content\/uploads\/elementor\/thumbs\/MANDARINE-rm2xrrf4cllqj2u4itp3wtyydr1sh1tg8lluh644r4.png\" title=\"MANDARINE\" alt=\"MANDARINE\" class=\"elementor-animation-grow\" loading=\"lazy\" \/><\/figure><div class=\"elementor-image-box-content\"><h3 class=\"elementor-image-box-title\">Mandarine<\/h3><p class=\"elementor-image-box-description\"> L'ouverture met en sc\u00e8ne le galbanum associ\u00e9 \u00e0 l'orange ; Le c\u0153ur d\u00e9voile la mandarine juteuse, et, en fond, le thym et la fleur d'oranger ajoutent une touche aromatique et florale, laissant une empreinte revitalisante.<\/p><\/div><\/div>\t\t\t\t<\/div>\n\t\t\t\t<\/div>\n\t\t\t\t<div class=\"elementor-element elementor-element-73ef690 elementor-position-top elementor-widget elementor-widget-image-box\" data-id=\"73ef690\" data-element_type=\"widget\" data-e-type=\"widget\" data-widget_type=\"image-box.default\">\n\t\t\t\t<div class=\"elementor-widget-container\">\n\t\t\t\t\t<div class=\"elementor-image-box-wrapper\"><figure class=\"elementor-image-box-img\"><img decoding=\"async\" src=\"https:\/\/carocandle.fr\/wp-content\/uploads\/elementor\/thumbs\/MANGUE-rm2xrjwetxbfy751qqg3cvv9mo2urgzljkdymyfa4w.png\" title=\"MANGUE\" alt=\"MANGUE\" class=\"elementor-animation-grow\" loading=\"lazy\" \/><\/figure><div class=\"elementor-image-box-content\"><h3 class=\"elementor-image-box-title\">Mangue<\/h3><p class=\"elementor-image-box-description\">L\u2019ouverture p\u00e9tillante de kiwi et de nectarine invite au voyage, avant de laisser place \u00e0 un c\u0153ur gourmand de mangue et de goyave. En fond, le santal et la datte apportent une douceur chaleu-reuse et exotique.  <\/p><\/div><\/div>\t\t\t\t<\/div>\n\t\t\t\t<\/div>\n\t\t\t\t<div class=\"elementor-element elementor-element-308ee40 elementor-position-top elementor-widget elementor-widget-image-box\" data-id=\"308ee40\" data-element_type=\"widget\" data-e-type=\"widget\" data-widget_type=\"image-box.default\">\n\t\t\t\t<div class=\"elementor-widget-container\">\n\t\t\t\t\t<div class=\"elementor-image-box-wrapper\"><figure class=\"elementor-image-box-img\"><img decoding=\"async\" src=\"https:\/\/carocandle.fr\/wp-content\/uploads\/elementor\/thumbs\/MURE-MYRTILLE-rm2xrf77vr50c5bvi6eyif1ynqq0ozgxux4j8km900.png\" title=\"M\u00dbRE MYRTILLE\" alt=\"M\u00dbRE MYRTILLE\" class=\"elementor-animation-grow\" loading=\"lazy\" \/><\/figure><div class=\"elementor-image-box-content\"><h3 class=\"elementor-image-box-title\">M\u00fbre \/ Myrtille<\/h3><p class=\"elementor-image-box-description\">Une aventure gourmande, d\u00e9butant avec des notes sucr\u00e9es de caramel et de violette. Le duo ju-teux de m\u00fbre et de myrtille dans le c\u0153ur de la fragrance se marie parfaitement avec les notes de fond de musc et de vanille, pour une explosion fruit\u00e9e enivrante<\/p><\/div><\/div>\t\t\t\t<\/div>\n\t\t\t\t<\/div>\n\t\t\t\t<div class=\"elementor-element elementor-element-15a9a3d elementor-position-top elementor-widget elementor-widget-image-box\" data-id=\"15a9a3d\" data-element_type=\"widget\" data-e-type=\"widget\" data-widget_type=\"image-box.default\">\n\t\t\t\t<div class=\"elementor-widget-container\">\n\t\t\t\t\t<div class=\"elementor-image-box-wrapper\"><figure class=\"elementor-image-box-img\"><img decoding=\"async\" src=\"https:\/\/carocandle.fr\/wp-content\/uploads\/elementor\/thumbs\/NOIX-DE-COCO-rm2xrxzzofuqsckkgejhwab6jg5cyxjkli68u3udjk.png\" title=\"NOIX DE COCO\" alt=\"NOIX DE COCO\" class=\"elementor-animation-grow\" loading=\"lazy\" \/><\/figure><div class=\"elementor-image-box-content\"><h3 class=\"elementor-image-box-title\">Noix de Coco<\/h3><p class=\"elementor-image-box-description\">Ce parfum gourmand et fruit\u00e9 offre des notes de t\u00eate d'amande et de p\u00eache vousmenant vers un c\u0153ur cocooning de noix de coco, pour finalement se reposer sur une base douce et gourmande de vanille et de caramel.<\/p><\/div><\/div>\t\t\t\t<\/div>\n\t\t\t\t<\/div>\n\t\t\t\t\t<\/div>\n\t\t\t\t<\/div>\n\t\t\t\t<\/div>\n\t\t","protected":false},"excerpt":{"rendered":"<p>FRUIT\u00c9S retour aux cat\u00e9gories Agr\u00fbmes L&rsquo;eucalyptus piquant se marie harmonieusement avec les notes lumineuses d&rsquo;orange et de citron vert, le tout sur une toile de fond rafra\u00eechissante de citronnelle, \u00e9voquant [&hellip;]<\/p>\n","protected":false},"author":1,"featured_media":0,"parent":0,"menu_order":0,"comment_status":"closed","ping_status":"closed","template":"","meta":{"footnotes":""},"class_list":["post-2270","page","type-page","status-publish","hentry"],"blocksy_meta":[],"_links":{"self":[{"href":"https:\/\/carocandle.fr\/index.php?rest_route=\/wp\/v2\/pages\/2270","targetHints":{"allow":["GET"]}}],"collection":[{"href":"https:\/\/carocandle.fr\/index.php?rest_route=\/wp\/v2\/pages"}],"about":[{"href":"https:\/\/carocandle.fr\/index.php?rest_route=\/wp\/v2\/types\/page"}],"author":[{"embeddable":true,"href":"https:\/\/carocandle.fr\/index.php?rest_route=\/wp\/v2\/users\/1"}],"replies":[{"embeddable":true,"href":"https:\/\/carocandle.fr\/index.php?rest_route=%2Fwp%2Fv2%2Fcomments&post=2270"}],"version-history":[{"count":0,"href":"https:\/\/carocandle.fr\/index.php?rest_route=\/wp\/v2\/pages\/2270\/revisions"}],"wp:attachment":[{"href":"https:\/\/carocandle.fr\/index.php?rest_route=%2Fwp%2Fv2%2Fmedia&parent=2270"}],"curies":[{"name":"wp","href":"https:\/\/api.w.org\/{rel}","templated":true}]}}