{"id":2256,"date":"2026-01-31T09:05:38","date_gmt":"2026-01-31T08:05:38","guid":{"rendered":"https:\/\/carocandle.fr\/?page_id=2256"},"modified":"2026-02-10T17:22:17","modified_gmt":"2026-02-10T16:22:17","slug":"fleuris","status":"publish","type":"page","link":"https:\/\/carocandle.fr\/?page_id=2256","title":{"rendered":"FLEURIS"},"content":{"rendered":"\t\t<div data-elementor-type=\"wp-page\" data-elementor-id=\"2256\" class=\"elementor elementor-2256\">\n\t\t\t\t<div class=\"elementor-element elementor-element-f6610aa e-flex e-con-boxed e-con e-parent\" data-id=\"f6610aa\" data-element_type=\"container\" data-e-type=\"container\">\n\t\t\t\t\t<div class=\"e-con-inner\">\n\t\t\t\t<div class=\"elementor-element elementor-element-f6e7662 elementor-widget elementor-widget-heading\" data-id=\"f6e7662\" data-element_type=\"widget\" data-e-type=\"widget\" data-widget_type=\"heading.default\">\n\t\t\t\t<div class=\"elementor-widget-container\">\n\t\t\t\t\t<h2 class=\"elementor-heading-title elementor-size-default\">FLEURIS<\/h2>\t\t\t\t<\/div>\n\t\t\t\t<\/div>\n\t\t\t\t\t<\/div>\n\t\t\t\t<\/div>\n\t\t<div class=\"elementor-element elementor-element-6f181a0 e-flex e-con-boxed e-con e-parent\" data-id=\"6f181a0\" data-element_type=\"container\" data-e-type=\"container\">\n\t\t\t\t\t<div class=\"e-con-inner\">\n\t\t\t\t\t<\/div>\n\t\t\t\t<\/div>\n\t\t<div class=\"elementor-element elementor-element-936a876 e-flex e-con-boxed e-con e-parent\" data-id=\"936a876\" data-element_type=\"container\" data-e-type=\"container\">\n\t\t\t\t\t<div class=\"e-con-inner\">\n\t\t\t\t<div class=\"elementor-element elementor-element-bf170c3 elementor-align-center elementor-widget elementor-widget-button\" data-id=\"bf170c3\" data-element_type=\"widget\" data-e-type=\"widget\" data-widget_type=\"button.default\">\n\t\t\t\t<div class=\"elementor-widget-container\">\n\t\t\t\t\t\t\t\t\t<div class=\"elementor-button-wrapper\">\n\t\t\t\t\t<a class=\"elementor-button elementor-button-link elementor-size-sm\" href=\"https:\/\/carocandle.fr\/?page_id=2254\">\n\t\t\t\t\t\t<span class=\"elementor-button-content-wrapper\">\n\t\t\t\t\t\t\t\t\t<span class=\"elementor-button-text\">retour aux cat\u00e9gories<\/span>\n\t\t\t\t\t<\/span>\n\t\t\t\t\t<\/a>\n\t\t\t\t<\/div>\n\t\t\t\t\t\t\t\t<\/div>\n\t\t\t\t<\/div>\n\t\t\t\t\t<\/div>\n\t\t\t\t<\/div>\n\t\t<div class=\"elementor-element elementor-element-53736aa e-flex e-con-boxed e-con e-parent\" data-id=\"53736aa\" data-element_type=\"container\" data-e-type=\"container\">\n\t\t\t\t\t<div class=\"e-con-inner\">\n\t\t\t\t\t<\/div>\n\t\t\t\t<\/div>\n\t\t<div class=\"elementor-element elementor-element-a3ec1b9 e-grid e-con-boxed e-con e-parent\" data-id=\"a3ec1b9\" data-element_type=\"container\" data-e-type=\"container\">\n\t\t\t\t\t<div class=\"e-con-inner\">\n\t\t\t\t<div class=\"elementor-element elementor-element-f0c6c46 elementor-position-top elementor-widget elementor-widget-image-box\" data-id=\"f0c6c46\" data-element_type=\"widget\" data-e-type=\"widget\" data-widget_type=\"image-box.default\">\n\t\t\t\t<div class=\"elementor-widget-container\">\n\t\t\t\t\t<div class=\"elementor-image-box-wrapper\"><figure class=\"elementor-image-box-img\"><img decoding=\"async\" src=\"https:\/\/carocandle.fr\/wp-content\/uploads\/elementor\/thumbs\/BOIS-DE-ROSE-rm2zy8xz0l1nywtw7r1n40yk207577el12nf2xqp74.png\" title=\"BOIS DE ROSE\" alt=\"BOIS DE ROSE\" class=\"elementor-animation-grow\" loading=\"lazy\" \/><\/figure><div class=\"elementor-image-box-content\"><h3 class=\"elementor-image-box-title\">Bois de Rose<\/h3><p class=\"elementor-image-box-description\">L\u2019ar\u00f4me \u00e9pic\u00e9e de cannelle se m\u00eale \u00e0 des notes florales d\u00e9licates, laissant place \u00e0 un c\u0153ur bois\u00e9 de bois de rose et de santal, pour finir sur une base enveloppante de f\u00e8ve tonka et de vanille.<\/p><\/div><\/div>\t\t\t\t<\/div>\n\t\t\t\t<\/div>\n\t\t\t\t<div class=\"elementor-element elementor-element-993f69f elementor-position-top elementor-widget elementor-widget-image-box\" data-id=\"993f69f\" data-element_type=\"widget\" data-e-type=\"widget\" data-widget_type=\"image-box.default\">\n\t\t\t\t<div class=\"elementor-widget-container\">\n\t\t\t\t\t<div class=\"elementor-image-box-wrapper\"><figure class=\"elementor-image-box-img\"><img decoding=\"async\" src=\"https:\/\/carocandle.fr\/wp-content\/uploads\/elementor\/thumbs\/FLEURS-DE-SAKURA-rm2zyrqqt9ref42l5z66hw7rxpmhh5h7rnp4ogytqo.png\" title=\"FLEURS DE SAKURA\" alt=\"FLEURS DE SAKURA\" class=\"elementor-animation-grow\" loading=\"lazy\" \/><\/figure><div class=\"elementor-image-box-content\"><h3 class=\"elementor-image-box-title\">Fleurs de Sakura<\/h3><p class=\"elementor-image-box-description\">Inspir\u00e9e par la beaut\u00e9 \u00e9ph\u00e9m\u00e8re des cerisiers en fleurs, cette fragrance m\u00eale un accord floral d\u00e9licat \u00e0 des notes bois\u00e9es et apaisantes de santal, relev\u00e9es d\u2019un soup\u00e7on de fra\u00eecheur verte \u00e9voquant les premiers jours du printemps.<\/p><\/div><\/div>\t\t\t\t<\/div>\n\t\t\t\t<\/div>\n\t\t\t\t<div class=\"elementor-element elementor-element-8f8d3b7 elementor-position-top elementor-widget elementor-widget-image-box\" data-id=\"8f8d3b7\" data-element_type=\"widget\" data-e-type=\"widget\" data-widget_type=\"image-box.default\">\n\t\t\t\t<div class=\"elementor-widget-container\">\n\t\t\t\t\t<div class=\"elementor-image-box-wrapper\"><figure class=\"elementor-image-box-img\"><img decoding=\"async\" src=\"https:\/\/carocandle.fr\/wp-content\/uploads\/elementor\/thumbs\/LYS-rm2zzajilyh4vbba47apvrgztf1tr3jui8qua06ya8.png\" title=\"LYS\" alt=\"LYS\" class=\"elementor-animation-grow\" loading=\"lazy\" \/><\/figure><div class=\"elementor-image-box-content\"><h3 class=\"elementor-image-box-title\">Lys<\/h3><p class=\"elementor-image-box-description\">Cette fragrance florale s\u2019ouvre sur des notes fra\u00eeches de rose et d\u2019accord vert, v\u00e9ritable invitation \u00e0 la tranquillit\u00e9. Elle d\u00e9voile ensuite un c\u0153ur d\u00e9licat de lys et de jasmin, avant de s\u2019\u00e9panouir sur un fond de vanille et de musc, offrant une douceur pure et \u00e9l\u00e9gante.<\/p><\/div><\/div>\t\t\t\t<\/div>\n\t\t\t\t<\/div>\n\t\t\t\t<div class=\"elementor-element elementor-element-74d4420 elementor-position-top elementor-widget elementor-widget-image-box\" data-id=\"74d4420\" data-element_type=\"widget\" data-e-type=\"widget\" data-widget_type=\"image-box.default\">\n\t\t\t\t<div class=\"elementor-widget-container\">\n\t\t\t\t\t<div class=\"elementor-image-box-wrapper\"><figure class=\"elementor-image-box-img\"><img decoding=\"async\" src=\"https:\/\/carocandle.fr\/wp-content\/uploads\/elementor\/thumbs\/VIOLETTE-rm2zzseg7t5kzwlc7x0mp4yr3qlstciqwp52e9gh00.png\" title=\"VIOLETTE\" alt=\"VIOLETTE\" class=\"elementor-animation-grow\" loading=\"lazy\" \/><\/figure><div class=\"elementor-image-box-content\"><h3 class=\"elementor-image-box-title\">Violette<\/h3><p class=\"elementor-image-box-description\">L\u2019ouverture d\u00e9voile des notes florales d\u2019aub\u00e9pine, l\u00e9g\u00e8res et a\u00e9riennes, le c\u0153ur r\u00e9v\u00e8le ensuite toute la subtilit\u00e9 de la violette, tendre et enveloppante, et en fond, l\u2019h\u00e9liotrope prolonge la diffusion avec des nuances poudr\u00e9es et l\u00e9g\u00e8rement vanill\u00e9es. <\/p><\/div><\/div>\t\t\t\t<\/div>\n\t\t\t\t<\/div>\n\t\t\t\t<div class=\"elementor-element elementor-element-9754e6e elementor-position-top elementor-widget elementor-widget-image-box\" data-id=\"9754e6e\" data-element_type=\"widget\" data-e-type=\"widget\" data-widget_type=\"image-box.default\">\n\t\t\t\t<div class=\"elementor-widget-container\">\n\t\t\t\t\t<div class=\"elementor-image-box-wrapper\"><figure class=\"elementor-image-box-img\"><img decoding=\"async\" src=\"https:\/\/carocandle.fr\/wp-content\/uploads\/elementor\/thumbs\/YLANG-YLANG-rm2xw0mtalfh3inko5xap9b37k2mbppp5nxzp9sykw.png\" title=\"YLANG-YLANG\" alt=\"YLANG-YLANG\" class=\"elementor-animation-grow\" loading=\"lazy\" \/><\/figure><div class=\"elementor-image-box-content\"><h3 class=\"elementor-image-box-title\">Ylang-Ylang<\/h3><p class=\"elementor-image-box-description\"> Le jasmin \u00e9claire les premi\u00e8res notes de cette fragrance, avant de laisser place au ylang-ylang, intense et solaire. En fond, le miel vient sublimer l\u2019ensemble d\u2019un voile dor\u00e9, doux et pr\u00e9cieux.<\/p><\/div><\/div>\t\t\t\t<\/div>\n\t\t\t\t<\/div>\n\t\t\t\t\t<\/div>\n\t\t\t\t<\/div>\n\t\t\t\t<\/div>\n\t\t","protected":false},"excerpt":{"rendered":"<p>FLEURIS retour aux cat\u00e9gories Bois de Rose L\u2019ar\u00f4me \u00e9pic\u00e9e de cannelle se m\u00eale \u00e0 des notes florales d\u00e9licates, laissant place \u00e0 un c\u0153ur bois\u00e9 de bois de rose et de [&hellip;]<\/p>\n","protected":false},"author":1,"featured_media":0,"parent":0,"menu_order":0,"comment_status":"closed","ping_status":"closed","template":"","meta":{"footnotes":""},"class_list":["post-2256","page","type-page","status-publish","hentry"],"blocksy_meta":[],"_links":{"self":[{"href":"https:\/\/carocandle.fr\/index.php?rest_route=\/wp\/v2\/pages\/2256","targetHints":{"allow":["GET"]}}],"collection":[{"href":"https:\/\/carocandle.fr\/index.php?rest_route=\/wp\/v2\/pages"}],"about":[{"href":"https:\/\/carocandle.fr\/index.php?rest_route=\/wp\/v2\/types\/page"}],"author":[{"embeddable":true,"href":"https:\/\/carocandle.fr\/index.php?rest_route=\/wp\/v2\/users\/1"}],"replies":[{"embeddable":true,"href":"https:\/\/carocandle.fr\/index.php?rest_route=%2Fwp%2Fv2%2Fcomments&post=2256"}],"version-history":[{"count":0,"href":"https:\/\/carocandle.fr\/index.php?rest_route=\/wp\/v2\/pages\/2256\/revisions"}],"wp:attachment":[{"href":"https:\/\/carocandle.fr\/index.php?rest_route=%2Fwp%2Fv2%2Fmedia&parent=2256"}],"curies":[{"name":"wp","href":"https:\/\/api.w.org\/{rel}","templated":true}]}}