{"id":2233,"date":"2026-01-31T08:06:23","date_gmt":"2026-01-31T07:06:23","guid":{"rendered":"https:\/\/carocandle.fr\/?page_id=2233"},"modified":"2026-02-10T17:24:42","modified_gmt":"2026-02-10T16:24:42","slug":"nos-parfums-2","status":"publish","type":"page","link":"https:\/\/carocandle.fr\/?page_id=2233","title":{"rendered":"AMBIANCE"},"content":{"rendered":"\t\t<div data-elementor-type=\"wp-page\" data-elementor-id=\"2233\" class=\"elementor elementor-2233\">\n\t\t\t\t<div class=\"elementor-element elementor-element-71dd8ea e-flex e-con-boxed e-con e-parent\" data-id=\"71dd8ea\" data-element_type=\"container\" data-e-type=\"container\">\n\t\t\t\t\t<div class=\"e-con-inner\">\n\t\t\t\t<div class=\"elementor-element elementor-element-5a05948 elementor-widget elementor-widget-heading\" data-id=\"5a05948\" data-element_type=\"widget\" data-e-type=\"widget\" data-widget_type=\"heading.default\">\n\t\t\t\t<div class=\"elementor-widget-container\">\n\t\t\t\t\t<h2 class=\"elementor-heading-title elementor-size-default\">AMBIANCE<\/h2>\t\t\t\t<\/div>\n\t\t\t\t<\/div>\n\t\t<div class=\"elementor-element elementor-element-c0fa2fa e-con-full e-flex e-con e-child\" data-id=\"c0fa2fa\" data-element_type=\"container\" data-e-type=\"container\">\n\t\t\t\t<\/div>\n\t\t\t\t<div class=\"elementor-element elementor-element-068cef5 elementor-align-center elementor-widget elementor-widget-button\" data-id=\"068cef5\" data-element_type=\"widget\" data-e-type=\"widget\" data-widget_type=\"button.default\">\n\t\t\t\t<div class=\"elementor-widget-container\">\n\t\t\t\t\t\t\t\t\t<div class=\"elementor-button-wrapper\">\n\t\t\t\t\t<a class=\"elementor-button elementor-button-link elementor-size-sm\" href=\"https:\/\/carocandle.fr\/?page_id=2254\">\n\t\t\t\t\t\t<span class=\"elementor-button-content-wrapper\">\n\t\t\t\t\t\t\t\t\t<span class=\"elementor-button-text\">retour aux cat\u00e9gories<\/span>\n\t\t\t\t\t<\/span>\n\t\t\t\t\t<\/a>\n\t\t\t\t<\/div>\n\t\t\t\t\t\t\t\t<\/div>\n\t\t\t\t<\/div>\n\t\t<div class=\"elementor-element elementor-element-ac127b2 e-con-full e-flex e-con e-child\" data-id=\"ac127b2\" data-element_type=\"container\" data-e-type=\"container\">\n\t\t\t\t<\/div>\n\t\t\t\t\t<\/div>\n\t\t\t\t<\/div>\n\t\t<div class=\"elementor-element elementor-element-37effa8 e-grid e-con-boxed e-con e-parent\" data-id=\"37effa8\" data-element_type=\"container\" data-e-type=\"container\">\n\t\t\t\t\t<div class=\"e-con-inner\">\n\t\t\t\t<div class=\"elementor-element elementor-element-05f7999 elementor-position-top elementor-widget elementor-widget-image-box\" data-id=\"05f7999\" data-element_type=\"widget\" data-e-type=\"widget\" data-widget_type=\"image-box.default\">\n\t\t\t\t<div class=\"elementor-widget-container\">\n\t\t\t\t\t<div class=\"elementor-image-box-wrapper\"><figure class=\"elementor-image-box-img\"><img decoding=\"async\" src=\"https:\/\/carocandle.fr\/wp-content\/uploads\/elementor\/thumbs\/images-rif8gg80yfjje7ogjan726ih4z2vlb0w8uk4vxw4cw.jpeg\" title=\"images\" alt=\"images\" class=\"elementor-animation-grow\" loading=\"lazy\" \/><\/figure><div class=\"elementor-image-box-content\"><h3 class=\"elementor-image-box-title\">Attrape r\u00eave<\/h3><p class=\"elementor-image-box-description\">Cette fragrance s\u2019ouvre sur des notes florales de rose et de jasmin, r\u00e9v\u00e8le un c\u0153ur enveloppant de musc et de f\u00e8ve tonka, et se d\u00e9ploie sur une base douce d\u2019h\u00e9liotrope et d\u2019accords subtils pour une ambiance apaisante et r\u00e9confortante. <\/p><\/div><\/div>\t\t\t\t<\/div>\n\t\t\t\t<\/div>\n\t\t\t\t<div class=\"elementor-element elementor-element-0b27f84 elementor-position-top elementor-widget elementor-widget-image-box\" data-id=\"0b27f84\" data-element_type=\"widget\" data-e-type=\"widget\" data-widget_type=\"image-box.default\">\n\t\t\t\t<div class=\"elementor-widget-container\">\n\t\t\t\t\t<div class=\"elementor-image-box-wrapper\"><figure class=\"elementor-image-box-img\"><img decoding=\"async\" src=\"https:\/\/carocandle.fr\/wp-content\/uploads\/elementor\/thumbs\/BOIS-DE-SANTAL.1-1-rm2z97iqygroov79ffef6ufidhm55gzzx50rukv8y8.png\" title=\"BOIS DE SANTAL.1\" alt=\"BOIS DE SANTAL.1\" class=\"elementor-animation-grow\" loading=\"lazy\" \/><\/figure><div class=\"elementor-image-box-content\"><h3 class=\"elementor-image-box-title\">Bois de Santal<\/h3><p class=\"elementor-image-box-description\">Un parfum \u00e9l\u00e9gant aux notes bois\u00e9es, o\u00f9 l'aub\u00e9pine d\u00e9licate s'associe aux profondeurs du bois de santal et du c\u00e8dre, cr\u00e9ant une harmonie subtile relev\u00e9e par la douceur de la f\u00e8ve tonka et du musc. <\/p><\/div><\/div>\t\t\t\t<\/div>\n\t\t\t\t<\/div>\n\t\t\t\t<div class=\"elementor-element elementor-element-6213fb5 elementor-position-top elementor-widget elementor-widget-image-box\" data-id=\"6213fb5\" data-element_type=\"widget\" data-e-type=\"widget\" data-widget_type=\"image-box.default\">\n\t\t\t\t<div class=\"elementor-widget-container\">\n\t\t\t\t\t<div class=\"elementor-image-box-wrapper\"><figure class=\"elementor-image-box-img\"><img decoding=\"async\" src=\"https:\/\/carocandle.fr\/wp-content\/uploads\/elementor\/thumbs\/CACHEMIRE-ET-SOIE-rm2z90xvmmioflgthuk17e3a7siknl9vk8gdhn505s.png\" title=\"CACHEMIRE ET SOIE\" alt=\"CACHEMIRE ET SOIE\" class=\"elementor-animation-grow\" loading=\"lazy\" \/><\/figure><div class=\"elementor-image-box-content\"><h3 class=\"elementor-image-box-title\">Cachemire &amp; Soie<\/h3><p class=\"elementor-image-box-description\">Cette fragrance associe des notes florales d\u00e9licates \u00e0 des accords bois\u00e9s raffin\u00e9s, sublim\u00e9s par des touches de myrrhe et d\u2019armoise. Son fond musqu\u00e9 et bois\u00e9 cr\u00e9e une atmosph\u00e8re \u00e0 la fois \u00e9l\u00e9gante et r\u00e9confortante pour une ambiance douce et sophistiqu\u00e9e. <\/p><\/div><\/div>\t\t\t\t<\/div>\n\t\t\t\t<\/div>\n\t\t\t\t<div class=\"elementor-element elementor-element-bcc977f elementor-position-top elementor-widget elementor-widget-image-box\" data-id=\"bcc977f\" data-element_type=\"widget\" data-e-type=\"widget\" data-widget_type=\"image-box.default\">\n\t\t\t\t<div class=\"elementor-widget-container\">\n\t\t\t\t\t<div class=\"elementor-image-box-wrapper\"><figure class=\"elementor-image-box-img\"><img decoding=\"async\" src=\"https:\/\/carocandle.fr\/wp-content\/uploads\/elementor\/thumbs\/Eclipse-de-lune-rm2z9qbir5hf52fydniykpoq971hff2mnq2hg43dhs.png\" title=\"\u00c9clipse de lune\" alt=\"\u00c9clipse de lune\" class=\"elementor-animation-grow\" loading=\"lazy\" \/><\/figure><div class=\"elementor-image-box-content\"><h3 class=\"elementor-image-box-title\">\u00c9clipse de Lune<\/h3><p class=\"elementor-image-box-description\">Cette fragrance s\u2019ouvre sur des notes de t\u00eate p\u00e9tillantes de bergamote et de pomme, d\u00e9voilant un c\u0153ur floral envelopp\u00e9 de musc. En fond, le bois de santal et un accord de bois sec viennent ancrer la fragrance cr\u00e9ant une ambiance \u00e9l\u00e9gante et l\u00e9g\u00e8rement myst\u00e9rieuse. <\/p><\/div><\/div>\t\t\t\t<\/div>\n\t\t\t\t<\/div>\n\t\t\t\t<div class=\"elementor-element elementor-element-a868540 elementor-position-top elementor-widget elementor-widget-image-box\" data-id=\"a868540\" data-element_type=\"widget\" data-e-type=\"widget\" data-widget_type=\"image-box.default\">\n\t\t\t\t<div class=\"elementor-widget-container\">\n\t\t\t\t\t<div class=\"elementor-image-box-wrapper\"><figure class=\"elementor-image-box-img\"><img decoding=\"async\" src=\"https:\/\/carocandle.fr\/wp-content\/uploads\/elementor\/thumbs\/MONOI-rm2zwksav6rbbv99z11iog521cfnikrrgswcd87w9c.png\" title=\"MONO\u00cf\" alt=\"MONO\u00cf\" class=\"elementor-animation-grow\" loading=\"lazy\" \/><\/figure><div class=\"elementor-image-box-content\"><h3 class=\"elementor-image-box-title\">Mono\u00ef<\/h3><p class=\"elementor-image-box-description\">Cette fragrance associe des notes fruit\u00e9es de p\u00eache et de fleur d\u2019oranger \u00e0 un c\u0153ur fleuri de tiar\u00e9 et de rose, sublim\u00e9 par un fond gourmand de vanille et de noix de coco cr\u00e9ant une ambiance solaire et exotique. <\/p><\/div><\/div>\t\t\t\t<\/div>\n\t\t\t\t<\/div>\n\t\t\t\t<div class=\"elementor-element elementor-element-aa0a229 elementor-position-top elementor-widget elementor-widget-image-box\" data-id=\"aa0a229\" data-element_type=\"widget\" data-e-type=\"widget\" data-widget_type=\"image-box.default\">\n\t\t\t\t<div class=\"elementor-widget-container\">\n\t\t\t\t\t<div class=\"elementor-image-box-wrapper\"><figure class=\"elementor-image-box-img\"><img decoding=\"async\" src=\"https:\/\/carocandle.fr\/wp-content\/uploads\/elementor\/thumbs\/MUSC-rm2zwyvvppam60osop4x7ukyy4i5q1bqiqomkdmzo0.png\" title=\"MUSC\" alt=\"MUSC\" class=\"elementor-animation-grow\" loading=\"lazy\" \/><\/figure><div class=\"elementor-image-box-content\"><h3 class=\"elementor-image-box-title\">Musc<\/h3><p class=\"elementor-image-box-description\">Cette essence offre, en notes de t\u00eate, rose et cyclamen, r\u00e9v\u00e9lant un c\u0153ur voluptueux de musc et de f\u00e8ve tonka. Le fond bois\u00e9 de bois de ga\u00efac et de violette apporte une profondeur \u00e0 cette fragrance captivante.<\/p><\/div><\/div>\t\t\t\t<\/div>\n\t\t\t\t<\/div>\n\t\t\t\t<div class=\"elementor-element elementor-element-34d98a3 elementor-position-top elementor-widget elementor-widget-image-box\" data-id=\"34d98a3\" data-element_type=\"widget\" data-e-type=\"widget\" data-widget_type=\"image-box.default\">\n\t\t\t\t<div class=\"elementor-widget-container\">\n\t\t\t\t\t<div class=\"elementor-image-box-wrapper\"><figure class=\"elementor-image-box-img\"><img decoding=\"async\" src=\"https:\/\/carocandle.fr\/wp-content\/uploads\/elementor\/thumbs\/NUIT-DORIENT-rm2zxczgk7tx064bed8br90vuwknxhvpkogwrj232o.png\" title=\"NUIT D\u2019ORIENT\" alt=\"NUIT D\u2019ORIENT\" class=\"elementor-animation-grow\" loading=\"lazy\" \/><\/figure><div class=\"elementor-image-box-content\"><h3 class=\"elementor-image-box-title\">Nuit d\u2019Orient<\/h3><p class=\"elementor-image-box-description\">Cette fragrance orientale s\u2019ouvre sur des notes \u00e9pic\u00e9es de cardamome et de poivre, r\u00e9v\u00e8le un c\u0153ur bois\u00e9 de c\u00e8dre et de bois de cachemire, puis se pose sur un fond chaleureux de vanille et de f\u00e8ve tonka cr\u00e9ant l\u2019ambiance sensuelle d\u2019une nuit \u00e9toil\u00e9e. <\/p><\/div><\/div>\t\t\t\t<\/div>\n\t\t\t\t<\/div>\n\t\t\t\t<div class=\"elementor-element elementor-element-f05108d elementor-position-top elementor-widget elementor-widget-image-box\" data-id=\"f05108d\" data-element_type=\"widget\" data-e-type=\"widget\" data-widget_type=\"image-box.default\">\n\t\t\t\t<div class=\"elementor-widget-container\">\n\t\t\t\t\t<div class=\"elementor-image-box-wrapper\"><figure class=\"elementor-image-box-img\"><img decoding=\"async\" src=\"https:\/\/carocandle.fr\/wp-content\/uploads\/elementor\/thumbs\/POUDRE-DE-RIZ-rm2zy3axvkty19234olvp2dshoyxx0s70aqi79z28g.png\" title=\"POUDRE DE RIZ\" alt=\"POUDRE DE RIZ\" class=\"elementor-animation-grow\" loading=\"lazy\" \/><\/figure><div class=\"elementor-image-box-content\"><h3 class=\"elementor-image-box-title\">Poudre de Riz<\/h3><p class=\"elementor-image-box-description\">Cette fragrance s\u00e9duit par son charme r\u00e9tro-chic d\u00e8s les premi\u00e8res notes avec l\u2019h\u00e9liotrope et l\u2019aub\u00e9pine qui d\u00e9voilent une signature florale d\u00e9licate. Au c\u0153ur, se m\u00eale des nuances sensuelles de musc, suivi en fond par la vanille et la f\u00e8ve tonka cr\u00e9ant une ambiance poudr\u00e9e et intemporelle.<\/p><\/div><\/div>\t\t\t\t<\/div>\n\t\t\t\t<\/div>\n\t\t\t\t\t<\/div>\n\t\t\t\t<\/div>\n\t\t\t\t<\/div>\n\t\t","protected":false},"excerpt":{"rendered":"<p>AMBIANCE retour aux cat\u00e9gories Attrape r\u00eave Cette fragrance s\u2019ouvre sur des notes florales de rose et de jasmin, r\u00e9v\u00e8le un c\u0153ur enveloppant de musc et de f\u00e8ve tonka, et se [&hellip;]<\/p>\n","protected":false},"author":1,"featured_media":0,"parent":0,"menu_order":0,"comment_status":"closed","ping_status":"closed","template":"","meta":{"footnotes":""},"class_list":["post-2233","page","type-page","status-publish","hentry"],"blocksy_meta":[],"_links":{"self":[{"href":"https:\/\/carocandle.fr\/index.php?rest_route=\/wp\/v2\/pages\/2233","targetHints":{"allow":["GET"]}}],"collection":[{"href":"https:\/\/carocandle.fr\/index.php?rest_route=\/wp\/v2\/pages"}],"about":[{"href":"https:\/\/carocandle.fr\/index.php?rest_route=\/wp\/v2\/types\/page"}],"author":[{"embeddable":true,"href":"https:\/\/carocandle.fr\/index.php?rest_route=\/wp\/v2\/users\/1"}],"replies":[{"embeddable":true,"href":"https:\/\/carocandle.fr\/index.php?rest_route=%2Fwp%2Fv2%2Fcomments&post=2233"}],"version-history":[{"count":0,"href":"https:\/\/carocandle.fr\/index.php?rest_route=\/wp\/v2\/pages\/2233\/revisions"}],"wp:attachment":[{"href":"https:\/\/carocandle.fr\/index.php?rest_route=%2Fwp%2Fv2%2Fmedia&parent=2233"}],"curies":[{"name":"wp","href":"https:\/\/api.w.org\/{rel}","templated":true}]}}