{"id":1471,"date":"2023-03-10T13:19:42","date_gmt":"2023-03-10T12:19:42","guid":{"rendered":"https:\/\/carocandle.fr\/?page_id=1471"},"modified":"2023-03-10T13:38:44","modified_gmt":"2023-03-10T12:38:44","slug":"guide-dutilisation-des-fondants-parfumes","status":"publish","type":"page","link":"https:\/\/carocandle.fr\/?page_id=1471","title":{"rendered":"Guide d\u2019utilisation des fondants parfum\u00e9s"},"content":{"rendered":"\t\t<div data-elementor-type=\"wp-page\" data-elementor-id=\"1471\" class=\"elementor elementor-1471\">\n\t\t\t\t<div class=\"elementor-element elementor-element-24452ba e-flex e-con-boxed e-con e-parent\" data-id=\"24452ba\" data-element_type=\"container\" data-e-type=\"container\">\n\t\t\t\t\t<div class=\"e-con-inner\">\n\t\t\t\t<div class=\"elementor-element elementor-element-bad7d74 elementor-widget elementor-widget-heading\" data-id=\"bad7d74\" data-element_type=\"widget\" data-e-type=\"widget\" data-widget_type=\"heading.default\">\n\t\t\t\t<div class=\"elementor-widget-container\">\n\t\t\t\t\t<h2 class=\"elementor-heading-title elementor-size-default\">Guide d\u2019utilisation des fondants parfum\u00e9s<\/h2>\t\t\t\t<\/div>\n\t\t\t\t<\/div>\n\t\t\t\t\t<\/div>\n\t\t\t\t<\/div>\n\t\t<div class=\"elementor-element elementor-element-8eec4f2 e-flex e-con-boxed e-con e-parent\" data-id=\"8eec4f2\" data-element_type=\"container\" data-e-type=\"container\">\n\t\t\t\t\t<div class=\"e-con-inner\">\n\t\t\t\t<div class=\"elementor-element elementor-element-5851c8e elementor-widget elementor-widget-text-editor\" data-id=\"5851c8e\" data-element_type=\"widget\" data-e-type=\"widget\" data-widget_type=\"text-editor.default\">\n\t\t\t\t<div class=\"elementor-widget-container\">\n\t\t\t\t\t\t\t\t\t<h5 style=\"text-align: left;\"><span style=\"color: #ff0000;\"><strong><u><img fetchpriority=\"high\" decoding=\"async\" class=\" wp-image-1476 aligncenter\" src=\"https:\/\/carocandle.fr\/wp-content\/uploads\/2023\/03\/tuto-bruleur-1-transparent-300x300.png\" alt=\"\" width=\"400\" height=\"400\" srcset=\"https:\/\/carocandle.fr\/wp-content\/uploads\/2023\/03\/tuto-bruleur-1-transparent-300x300.png 300w, https:\/\/carocandle.fr\/wp-content\/uploads\/2023\/03\/tuto-bruleur-1-transparent-100x100.png 100w, https:\/\/carocandle.fr\/wp-content\/uploads\/2023\/03\/tuto-bruleur-1-transparent-600x600.png 600w, https:\/\/carocandle.fr\/wp-content\/uploads\/2023\/03\/tuto-bruleur-1-transparent-150x150.png 150w, https:\/\/carocandle.fr\/wp-content\/uploads\/2023\/03\/tuto-bruleur-1-transparent.png 680w\" sizes=\"(max-width: 400px) 100vw, 400px\" \/>Mode d\u2019utilisation des Fondants :<\/u><\/strong><\/span><\/h5><p style=\"text-align: left;\">Pour la diffusion d\u2019une senteur envo\u00fbtante dans votre int\u00e9rieur, il suffit de placer\u00a0<span style=\"color: #f69ae0;\"><b>le fondant<\/b><\/span>\u00a0sur le haut du br\u00fbleur, de placer une bougie chauffe plat en dessous, et de laisser s\u2019\u00e9chapper un parfum gourmand, reposant, relaxant, romantique, estivale\u2026selon vos envies, il va fondre et son parfum s\u2019intensifier, il se solidifiera \u00e0 nouveau \u00e0 temp\u00e9rature ambiante, et pourra \u00eatre utilis\u00e9 \u00e0 plusieurs reprises.<\/p><p style=\"text-align: left;\"><span style=\"color: #cc21cc;\"><strong><u>Entretien :\u00a0<\/u><\/strong><\/span><\/p><p style=\"text-align: left;\"><span style=\"color: #f69ae0;\"><b>La cire de soja<\/b><\/span>\u00a0ne s\u2019\u00e9vapore pas et est tr\u00e8s facile \u00e0 nettoyer. Pour changer de fondant il vous suffit de rallumer la bougie juste quelques secondes afin que la cire se d\u00e9colle des parois du br\u00fbleur (sans la laisser fondre compl\u00e8tement). Vous pouvez nettoyer les r\u00e9sidus avec de l\u2019eau chaude et du savon.<\/p><p style=\"text-align: left;\"><span style=\"color: #cc21cc;\"><strong><u>Informations :\u00a0<\/u><\/strong><\/span><\/p><p style=\"text-align: left;\">\u2013 La cire de soja se nettoie facilement \u00e0 l\u2019eau chaude, sans solvants .<\/p>\t\t\t\t\t\t\t\t<\/div>\n\t\t\t\t<\/div>\n\t\t\t\t\t<\/div>\n\t\t\t\t<\/div>\n\t\t\t\t<\/div>\n\t\t","protected":false},"excerpt":{"rendered":"<p>Guide d\u2019utilisation des fondants parfum\u00e9s Mode d\u2019utilisation des Fondants : Pour la diffusion d\u2019une senteur envo\u00fbtante dans votre int\u00e9rieur, il suffit de placer\u00a0le fondant\u00a0sur le haut du br\u00fbleur, de placer [&hellip;]<\/p>\n","protected":false},"author":1,"featured_media":0,"parent":0,"menu_order":0,"comment_status":"closed","ping_status":"closed","template":"","meta":{"footnotes":""},"class_list":["post-1471","page","type-page","status-publish","hentry"],"blocksy_meta":[],"_links":{"self":[{"href":"https:\/\/carocandle.fr\/index.php?rest_route=\/wp\/v2\/pages\/1471","targetHints":{"allow":["GET"]}}],"collection":[{"href":"https:\/\/carocandle.fr\/index.php?rest_route=\/wp\/v2\/pages"}],"about":[{"href":"https:\/\/carocandle.fr\/index.php?rest_route=\/wp\/v2\/types\/page"}],"author":[{"embeddable":true,"href":"https:\/\/carocandle.fr\/index.php?rest_route=\/wp\/v2\/users\/1"}],"replies":[{"embeddable":true,"href":"https:\/\/carocandle.fr\/index.php?rest_route=%2Fwp%2Fv2%2Fcomments&post=1471"}],"version-history":[{"count":0,"href":"https:\/\/carocandle.fr\/index.php?rest_route=\/wp\/v2\/pages\/1471\/revisions"}],"wp:attachment":[{"href":"https:\/\/carocandle.fr\/index.php?rest_route=%2Fwp%2Fv2%2Fmedia&parent=1471"}],"curies":[{"name":"wp","href":"https:\/\/api.w.org\/{rel}","templated":true}]}}