{"id":32,"date":"2026-05-02T16:19:22","date_gmt":"2026-05-02T16:19:22","guid":{"rendered":"https:\/\/carocandle.fr\/?page_id=32"},"modified":"2026-05-02T16:51:16","modified_gmt":"2026-05-02T16:51:16","slug":"accueil","status":"publish","type":"page","link":"https:\/\/carocandle.fr\/","title":{"rendered":"Accueil"},"content":{"rendered":"\t\t<div data-elementor-type=\"wp-page\" data-elementor-id=\"32\" class=\"elementor elementor-32\">\n\t\t\t\t<div class=\"elementor-element elementor-element-475d1f8 e-flex e-con-boxed e-con e-parent\" data-id=\"475d1f8\" data-element_type=\"container\" data-e-type=\"container\" data-settings=\"{&quot;background_background&quot;:&quot;classic&quot;}\">\n\t\t\t\t\t<div class=\"e-con-inner\">\n\t\t\t\t\t\t\t<h2 \n\t\tdata-interaction-id=\"9091e4c\" \n\t\tclass=\"e-9091e4c-3dacc20 e-heading-base\" \n\t\t \n\t\t\n\t>\n\t\n\t\t\tEnvie d'une ambiance cosy, fleurie, fruit\u00e9e, ou gourmande ?\n\t\t<\/h2>\n\t\t\t\t\t\t\t\t<p class=\"e-paragraph-base\" data-interaction-id=\"af92a44\"  >\n\t\t\t\t\t\t\t\tLaissez-vous porter par les effluves d\u00e9licats de nos fondants parfum\u00e9s et offrez-vous un v\u00e9ritable moment de d\u00e9tente et de bien-\u00eatre.<br><br>D\u00e9couvrez notre large gamme de parfums et transformez votre int\u00e9rieur en un lieu convivial, chaleureux et empreint de douceur.<br><br>Pour offrir ou simplement se faire plaisir\u2026 laissez parler vos sens\u2026 <br><br>Fondants et bougies se d\u00e9voilent comme une exp\u00e9rience olfactive et visuelle apaisante.<br><br>Des cr\u00e9ations naturelles pour r\u00e9chauffer les c\u0153urs et les int\u00e9rieurs.<br><br>Dans le respect de nos valeurs \u00e9co-responsables, toutes nos cr\u00e9ations sont 100 % artisanales, r\u00e9alis\u00e9es \u00e0 base de cire de soja, non test\u00e9es sur les animaux, et sublim\u00e9es par les parfums de Grasse.<br><br>Alors pour de doux moments parfum\u00e9s, laissez parler votre murmure int\u00e9rieur\u2026. Une petite lueur pour un souffle de bonheur\u2026\n\t\t\t\t\t<\/p>\n\t\t\t\t\t    \t            <a\n            href=\"\/boutique\" target=\"_self\"\n            class=\"e-5d01a0d-3f32bc0 e-button-base\"\n            data-interaction-id=\"5d01a0d\"\n             \n        >\n            D\u00e9couvrir la boutique\n        <\/a>\n    \t\t\t\t\t<\/div>\n\t\t\t\t<\/div>\n\t\t\t\t<\/div>\n\t\t","protected":false},"excerpt":{"rendered":"<p>Envie d&rsquo;une ambiance cosy, fleurie, fruit\u00e9e, ou gourmande ? Laissez-vous porter par les effluves d\u00e9licats de nos fondants parfum\u00e9s et [&hellip;]<\/p>\n","protected":false},"author":1,"featured_media":0,"parent":0,"menu_order":0,"comment_status":"closed","ping_status":"closed","template":"","meta":{"site-sidebar-layout":"no-sidebar","site-content-layout":"","ast-site-content-layout":"full-width-container","site-content-style":"default","site-sidebar-style":"default","ast-global-header-display":"","ast-banner-title-visibility":"","ast-main-header-display":"","ast-hfb-above-header-display":"","ast-hfb-below-header-display":"","ast-hfb-mobile-header-display":"","site-post-title":"","ast-breadcrumbs-content":"","ast-featured-img":"disabled","footer-sml-layout":"","ast-disable-related-posts":"","theme-transparent-header-meta":"","adv-header-id-meta":"","stick-header-meta":"","header-above-stick-meta":"","header-main-stick-meta":"","header-below-stick-meta":"","astra-migrate-meta-layouts":"default","ast-page-background-enabled":"default","ast-page-background-meta":{"desktop":{"background-color":"var(--ast-global-color-5)","background-image":"","background-repeat":"repeat","background-position":"center center","background-size":"auto","background-attachment":"scroll","background-type":"","background-media":"","overlay-type":"","overlay-color":"","overlay-opacity":"","overlay-gradient":""},"tablet":{"background-color":"","background-image":"","background-repeat":"repeat","background-position":"center center","background-size":"auto","background-attachment":"scroll","background-type":"","background-media":"","overlay-type":"","overlay-color":"","overlay-opacity":"","overlay-gradient":""},"mobile":{"background-color":"","background-image":"","background-repeat":"repeat","background-position":"center center","background-size":"auto","background-attachment":"scroll","background-type":"","background-media":"","overlay-type":"","overlay-color":"","overlay-opacity":"","overlay-gradient":""}},"ast-content-background-meta":{"desktop":{"background-color":"var(--ast-global-color-4)","background-image":"","background-repeat":"repeat","background-position":"center center","background-size":"auto","background-attachment":"scroll","background-type":"","background-media":"","overlay-type":"","overlay-color":"","overlay-opacity":"","overlay-gradient":""},"tablet":{"background-color":"var(--ast-global-color-4)","background-image":"","background-repeat":"repeat","background-position":"center center","background-size":"auto","background-attachment":"scroll","background-type":"","background-media":"","overlay-type":"","overlay-color":"","overlay-opacity":"","overlay-gradient":""},"mobile":{"background-color":"var(--ast-global-color-4)","background-image":"","background-repeat":"repeat","background-position":"center center","background-size":"auto","background-attachment":"scroll","background-type":"","background-media":"","overlay-type":"","overlay-color":"","overlay-opacity":"","overlay-gradient":""}},"footnotes":""},"class_list":["post-32","page","type-page","status-publish","hentry"],"_links":{"self":[{"href":"https:\/\/carocandle.fr\/index.php\/wp-json\/wp\/v2\/pages\/32","targetHints":{"allow":["GET"]}}],"collection":[{"href":"https:\/\/carocandle.fr\/index.php\/wp-json\/wp\/v2\/pages"}],"about":[{"href":"https:\/\/carocandle.fr\/index.php\/wp-json\/wp\/v2\/types\/page"}],"author":[{"embeddable":true,"href":"https:\/\/carocandle.fr\/index.php\/wp-json\/wp\/v2\/users\/1"}],"replies":[{"embeddable":true,"href":"https:\/\/carocandle.fr\/index.php\/wp-json\/wp\/v2\/comments?post=32"}],"version-history":[{"count":10,"href":"https:\/\/carocandle.fr\/index.php\/wp-json\/wp\/v2\/pages\/32\/revisions"}],"predecessor-version":[{"id":45,"href":"https:\/\/carocandle.fr\/index.php\/wp-json\/wp\/v2\/pages\/32\/revisions\/45"}],"wp:attachment":[{"href":"https:\/\/carocandle.fr\/index.php\/wp-json\/wp\/v2\/media?parent=32"}],"curies":[{"name":"wp","href":"https:\/\/api.w.org\/{rel}","templated":true}]}}